
{"id":26981,"date":"2020-12-23T11:20:52","date_gmt":"2020-12-23T10:20:52","guid":{"rendered":"https:\/\/www.justineboutique.fr\/wp\/?post_type=product&#038;p=26981"},"modified":"2026-04-25T10:20:10","modified_gmt":"2026-04-25T08:20:10","slug":"gilet-suzy-noir","status":"publish","type":"product","link":"https:\/\/www.justineboutique.fr\/wp\/produit\/gilet-suzy-noir\/","title":{"rendered":"Suzy gilet mohair noir"},"content":{"rendered":"","protected":false},"excerpt":{"rendered":"<p>&nbsp;<\/p>\n<p><strong>L\u2019avis de Justine :<\/strong><\/p>\n<p>Notre gilet Suzy, par tous les temps, on l\u2019adore, c\u2019est LE gilet qu\u2019il vous faut \u00e9t\u00e9 comme hiver. Il peut se porter aussi bien boutons sur le devant comme un simple gilet ou dans le dos pour un beau d\u00e9collet\u00e9 V.<\/p>\n<p>Chaud et douillet sans oublier d\u2019\u00eatre tendance, vous pourrez l\u2019associer facilement avec de nombreuses tenues.<\/p>\n<p>Petit plus, Une mati\u00e8re mohair qui passe en machine et qui ne bouloche pas!<\/p>\n<p><strong>Taille :\u00a0<\/strong><\/p>\n<p>Taille unique<\/p>\n<p>Convient pour un 34\/36\/38\/40\/42<\/p>\n<p><strong>Coupe et d\u00e9tails :<\/strong><\/p>\n<p>Boutons sur le devant ou l\u2019arri\u00e8re<\/p>\n<p>Mati\u00e8re mohair douce et chaude<\/p>\n<p>Port\u00e9 2 en 1 (Gilet ou pull)<\/p>\n<p>Fabrication Italienne<\/p>\n<p><strong>Composition :<\/strong><\/p>\n<p>30% mohair<\/p>\n<p>30% polyamide<\/p>\n<p>40% acrylique<\/p>\n<p><strong>Entretien :<\/strong><\/p>\n<p>Lavage en machine en d\u00e9licat \u00e0 30\u00b0<\/p>\n","protected":false},"featured_media":80005,"template":"","meta":{"_et_pb_use_builder":"","_et_pb_old_content":"","_et_gb_content_width":"","_exactmetrics_skip_tracking":false,"_exactmetrics_sitenote_active":false,"_exactmetrics_sitenote_note":"","_exactmetrics_sitenote_category":0},"product_brand":[],"product_cat":[176,169,20,24,120],"product_tag":[],"class_list":{"0":"post-26981","1":"product","2":"type-product","3":"status-publish","4":"has-post-thumbnail","6":"product_cat-nos-hauts","7":"product_cat-nouveautes","8":"product_cat-pret-a-porter","9":"product_cat-pulls-gilets","10":"product_cat-voir-tout","11":"pif-has-gallery","13":"first","14":"outofstock","15":"taxable","16":"shipping-taxable","17":"product-type-variable"},"_links":{"self":[{"href":"https:\/\/www.justineboutique.fr\/wp\/wp-json\/wp\/v2\/product\/26981","targetHints":{"allow":["GET"]}}],"collection":[{"href":"https:\/\/www.justineboutique.fr\/wp\/wp-json\/wp\/v2\/product"}],"about":[{"href":"https:\/\/www.justineboutique.fr\/wp\/wp-json\/wp\/v2\/types\/product"}],"wp:featuredmedia":[{"embeddable":true,"href":"https:\/\/www.justineboutique.fr\/wp\/wp-json\/wp\/v2\/media\/80005"}],"wp:attachment":[{"href":"https:\/\/www.justineboutique.fr\/wp\/wp-json\/wp\/v2\/media?parent=26981"}],"wp:term":[{"taxonomy":"product_brand","embeddable":true,"href":"https:\/\/www.justineboutique.fr\/wp\/wp-json\/wp\/v2\/product_brand?post=26981"},{"taxonomy":"product_cat","embeddable":true,"href":"https:\/\/www.justineboutique.fr\/wp\/wp-json\/wp\/v2\/product_cat?post=26981"},{"taxonomy":"product_tag","embeddable":true,"href":"https:\/\/www.justineboutique.fr\/wp\/wp-json\/wp\/v2\/product_tag?post=26981"}],"curies":[{"name":"wp","href":"https:\/\/api.w.org\/{rel}","templated":true}]}}