
{"id":45229,"date":"2022-03-29T19:00:10","date_gmt":"2022-03-29T17:00:10","guid":{"rendered":"https:\/\/www.justineboutique.fr\/wp\/?post_type=product&#038;p=45229"},"modified":"2026-03-19T11:33:47","modified_gmt":"2026-03-19T10:33:47","slug":"jupe-jean-fleurie","status":"publish","type":"product","link":"https:\/\/www.justineboutique.fr\/wp\/produit\/jupe-jean-fleurie\/","title":{"rendered":"Jupe jean fleurie taille S"},"content":{"rendered":"","protected":false},"excerpt":{"rendered":"<p><strong>L\u2019avis de Justine :<\/strong><\/p>\n<p>Une jupe en jean oui, mais fleurie ! On adore son look un brin r\u00e9tro avec sa coupe portefeuille et ses boutons sur le devant, sans oublier son originalit\u00e9 avec ses d\u00e9tails fleurs. A associer avec un joli pull ou une veste et le tour est jou\u00e9 !<\/p>\n<p><strong>Taille :\u00a0<\/strong><\/p>\n<p>S\/36 M\/38 L\/40<\/p>\n<p>Justine mesure 1m73 et porte une taille S.<\/p>\n<p><strong>Coupe et d\u00e9tails :<\/strong><\/p>\n<p>Coupe portefeuille<\/p>\n<p>Boutons sur le devant<\/p>\n<p>imprim\u00e9\u00a0 fleurs<\/p>\n<p><strong>Composition :<\/strong><\/p>\n<p>90% coton<\/p>\n<p>10% polyester<\/p>\n<p><strong>Entretien :<\/strong><\/p>\n<p>Lavable en machine d\u00e9licat 30 degr\u00e9s \u00e0 la main<\/p>\n","protected":false},"featured_media":45128,"template":"","meta":{"_et_pb_use_builder":"","_et_pb_old_content":"","_et_gb_content_width":"","_exactmetrics_skip_tracking":false,"_exactmetrics_sitenote_active":false,"_exactmetrics_sitenote_note":"","_exactmetrics_sitenote_category":0},"product_brand":[],"product_cat":[20,165,25,120],"product_tag":[],"class_list":{"0":"post-45229","1":"product","2":"type-product","3":"status-publish","4":"has-post-thumbnail","6":"product_cat-pret-a-porter","7":"product_cat-prix-doux","8":"product_cat-robes-jupes","9":"product_cat-voir-tout","10":"pif-has-gallery","12":"first","13":"instock","14":"sale","15":"taxable","16":"shipping-taxable","17":"purchasable","18":"product-type-variable"},"_links":{"self":[{"href":"https:\/\/www.justineboutique.fr\/wp\/wp-json\/wp\/v2\/product\/45229","targetHints":{"allow":["GET"]}}],"collection":[{"href":"https:\/\/www.justineboutique.fr\/wp\/wp-json\/wp\/v2\/product"}],"about":[{"href":"https:\/\/www.justineboutique.fr\/wp\/wp-json\/wp\/v2\/types\/product"}],"wp:featuredmedia":[{"embeddable":true,"href":"https:\/\/www.justineboutique.fr\/wp\/wp-json\/wp\/v2\/media\/45128"}],"wp:attachment":[{"href":"https:\/\/www.justineboutique.fr\/wp\/wp-json\/wp\/v2\/media?parent=45229"}],"wp:term":[{"taxonomy":"product_brand","embeddable":true,"href":"https:\/\/www.justineboutique.fr\/wp\/wp-json\/wp\/v2\/product_brand?post=45229"},{"taxonomy":"product_cat","embeddable":true,"href":"https:\/\/www.justineboutique.fr\/wp\/wp-json\/wp\/v2\/product_cat?post=45229"},{"taxonomy":"product_tag","embeddable":true,"href":"https:\/\/www.justineboutique.fr\/wp\/wp-json\/wp\/v2\/product_tag?post=45229"}],"curies":[{"name":"wp","href":"https:\/\/api.w.org\/{rel}","templated":true}]}}