
{"id":50336,"date":"2022-08-30T19:00:13","date_gmt":"2022-08-30T17:00:13","guid":{"rendered":"https:\/\/www.justineboutique.fr\/wp\/?post_type=product&#038;p=50336"},"modified":"2026-03-19T11:54:48","modified_gmt":"2026-03-19T10:54:48","slug":"arro-pantalon-imprime","status":"publish","type":"product","link":"https:\/\/www.justineboutique.fr\/wp\/produit\/arro-pantalon-imprime\/","title":{"rendered":"Arro pantalon imprim\u00e9 taille XS"},"content":{"rendered":"","protected":false},"excerpt":{"rendered":"<p>&nbsp;<\/p>\n<p><strong>L\u2019avis de Justine :<\/strong><\/p>\n<p>Imprim\u00e9 azt\u00e8que ou ethnique, peu importe, vous l&#8217;adorerez! Une pi\u00e8ce forte et hypnotisante avec son imprim\u00e9 noir et \u00e9cru, tr\u00e8s original. Avec sa coupe slim et ses jolis boutons dor\u00e9s, oblig\u00e9 de craquer ! sign\u00e9 Les Trop\u00e9ziennes, une marque n\u00e9e au d\u00e9but des ann\u00e9es 80 dans le village mythique de Saint-Tropez.<\/p>\n<p><strong>Taille :\u00a0<\/strong><\/p>\n<p>XS\/34 S\/36 M\/38 L\/40<\/p>\n<p>Justine mesure 1m73 et porte une taille S.<\/p>\n<p>Prenez votre taille habituelle<\/p>\n<p>Entre 2 tailles, choisissez la taille sup\u00e9rieure<\/p>\n<p><strong>Coupe et d\u00e9tails :<\/strong><\/p>\n<p>Deux poches sur le devant<\/p>\n<p>boutons dor\u00e9s sur le devant<\/p>\n<p>Deux poches arri\u00e8res<\/p>\n<p><strong>Composition :<\/strong><\/p>\n<p>97% Coton<\/p>\n<p>3% Elastane<\/p>\n<p><strong>Entretien :<\/strong><\/p>\n<p>Lavage en machine 30 degr\u00e9s<\/p>\n","protected":false},"featured_media":50413,"template":"","meta":{"_et_pb_use_builder":"","_et_pb_old_content":"","_et_gb_content_width":"","_exactmetrics_skip_tracking":false,"_exactmetrics_sitenote_active":false,"_exactmetrics_sitenote_note":"","_exactmetrics_sitenote_category":0},"product_brand":[],"product_cat":[26,20,165,120],"product_tag":[],"class_list":{"0":"post-50336","1":"product","2":"type-product","3":"status-publish","4":"has-post-thumbnail","6":"product_cat-jeans-pantalon-shorts","7":"product_cat-pret-a-porter","8":"product_cat-prix-doux","9":"product_cat-voir-tout","10":"pif-has-gallery","12":"first","13":"instock","14":"sale","15":"taxable","16":"shipping-taxable","17":"purchasable","18":"product-type-variable"},"_links":{"self":[{"href":"https:\/\/www.justineboutique.fr\/wp\/wp-json\/wp\/v2\/product\/50336","targetHints":{"allow":["GET"]}}],"collection":[{"href":"https:\/\/www.justineboutique.fr\/wp\/wp-json\/wp\/v2\/product"}],"about":[{"href":"https:\/\/www.justineboutique.fr\/wp\/wp-json\/wp\/v2\/types\/product"}],"wp:featuredmedia":[{"embeddable":true,"href":"https:\/\/www.justineboutique.fr\/wp\/wp-json\/wp\/v2\/media\/50413"}],"wp:attachment":[{"href":"https:\/\/www.justineboutique.fr\/wp\/wp-json\/wp\/v2\/media?parent=50336"}],"wp:term":[{"taxonomy":"product_brand","embeddable":true,"href":"https:\/\/www.justineboutique.fr\/wp\/wp-json\/wp\/v2\/product_brand?post=50336"},{"taxonomy":"product_cat","embeddable":true,"href":"https:\/\/www.justineboutique.fr\/wp\/wp-json\/wp\/v2\/product_cat?post=50336"},{"taxonomy":"product_tag","embeddable":true,"href":"https:\/\/www.justineboutique.fr\/wp\/wp-json\/wp\/v2\/product_tag?post=50336"}],"curies":[{"name":"wp","href":"https:\/\/api.w.org\/{rel}","templated":true}]}}