
{"id":74618,"date":"2024-06-25T19:00:23","date_gmt":"2024-06-25T17:00:23","guid":{"rendered":"https:\/\/www.justineboutique.fr\/wp\/?post_type=product&#038;p=74618"},"modified":"2025-10-01T13:10:59","modified_gmt":"2025-10-01T11:10:59","slug":"mara-combishort-fluide-verte","status":"publish","type":"product","link":"https:\/\/www.justineboutique.fr\/wp\/produit\/mara-combishort-fluide-verte\/","title":{"rendered":"Mara combishort fluide verte"},"content":{"rendered":"","protected":false},"excerpt":{"rendered":"<div dir=\"ltr\">\n<div dir=\"ltr\">\n<div dir=\"ltr\">\n<div dir=\"ltr\">\n<div>\n<p>&nbsp;<\/p>\n<p><strong>Coupe et d\u00e9tails :<\/strong><\/p>\n<p>Jolie tout en \u00e9tant pratique! c&#8217;est notre combi Mara!<\/p>\n<p>Cintr\u00e9e \u00e0 la taille par un \u00e9lastique<\/p>\n<p>Encolure crois\u00e9e (pression de s\u00e9curit\u00e9)<\/p>\n<p>Lien en tissu \u00e0 nouer \u00e0 la taille<\/p>\n<p>Petites manches<\/p>\n<p><strong>Taille :<br \/>\n<\/strong><\/p>\n<p>XS\/34 S\/36 M\/38 L\/40<\/p>\n<p>Choisissez votre taille habituelle<\/p>\n<p>Justine porte la taille S pour son 36 et mesure 1m73<\/p>\n<p><strong>Composition :<\/strong><\/p>\n<p>100% viscose<\/p>\n<p><strong>Entretien :<\/strong><\/p>\n<p>Lavage en machine \u00e0 40\u00b0<\/p>\n<\/div>\n<\/div>\n<\/div>\n<\/div>\n<\/div>\n","protected":false},"featured_media":74744,"template":"","meta":{"_et_pb_use_builder":"","_et_pb_old_content":"","_et_gb_content_width":"","_exactmetrics_skip_tracking":false,"_exactmetrics_sitenote_active":false,"_exactmetrics_sitenote_note":"","_exactmetrics_sitenote_category":0},"product_brand":[],"product_cat":[26,20,165,25,120],"product_tag":[],"class_list":{"0":"post-74618","1":"product","2":"type-product","3":"status-publish","4":"has-post-thumbnail","6":"product_cat-jeans-pantalon-shorts","7":"product_cat-pret-a-porter","8":"product_cat-prix-doux","9":"product_cat-robes-jupes","10":"product_cat-voir-tout","11":"pif-has-gallery","13":"first","14":"instock","15":"sale","16":"taxable","17":"shipping-taxable","18":"purchasable","19":"product-type-variable"},"_links":{"self":[{"href":"https:\/\/www.justineboutique.fr\/wp\/wp-json\/wp\/v2\/product\/74618","targetHints":{"allow":["GET"]}}],"collection":[{"href":"https:\/\/www.justineboutique.fr\/wp\/wp-json\/wp\/v2\/product"}],"about":[{"href":"https:\/\/www.justineboutique.fr\/wp\/wp-json\/wp\/v2\/types\/product"}],"wp:featuredmedia":[{"embeddable":true,"href":"https:\/\/www.justineboutique.fr\/wp\/wp-json\/wp\/v2\/media\/74744"}],"wp:attachment":[{"href":"https:\/\/www.justineboutique.fr\/wp\/wp-json\/wp\/v2\/media?parent=74618"}],"wp:term":[{"taxonomy":"product_brand","embeddable":true,"href":"https:\/\/www.justineboutique.fr\/wp\/wp-json\/wp\/v2\/product_brand?post=74618"},{"taxonomy":"product_cat","embeddable":true,"href":"https:\/\/www.justineboutique.fr\/wp\/wp-json\/wp\/v2\/product_cat?post=74618"},{"taxonomy":"product_tag","embeddable":true,"href":"https:\/\/www.justineboutique.fr\/wp\/wp-json\/wp\/v2\/product_tag?post=74618"}],"curies":[{"name":"wp","href":"https:\/\/api.w.org\/{rel}","templated":true}]}}