
{"id":79412,"date":"2024-12-10T19:00:22","date_gmt":"2024-12-10T18:00:22","guid":{"rendered":"https:\/\/www.justineboutique.fr\/wp\/?post_type=product&#038;p=79412"},"modified":"2026-03-31T16:10:12","modified_gmt":"2026-03-31T14:10:12","slug":"pochette-velours-et-sequins","status":"publish","type":"product","link":"https:\/\/www.justineboutique.fr\/wp\/produit\/pochette-velours-et-sequins\/","title":{"rendered":"Pochette velours et sequins"},"content":{"rendered":"","protected":false},"excerpt":{"rendered":"<p>&nbsp;<\/p>\n<p>LA pochette parfaite pour les f\u00eates avec son look sequins, gros coup de c\u0153ur ! Aussi bien pour ranger vos papiers, votre monnaie ou votre maquillage, on l&#8217;adore ! Agr\u00e9ment\u00e9e de son joli pompon !<\/p>\n<p>Dimension 14 x 19 cm<\/p>\n","protected":false},"featured_media":80510,"template":"","meta":{"_et_pb_use_builder":"","_et_pb_old_content":"","_et_gb_content_width":"","_exactmetrics_skip_tracking":false,"_exactmetrics_sitenote_active":false,"_exactmetrics_sitenote_note":"","_exactmetrics_sitenote_category":0},"product_brand":[],"product_cat":[21,118,165,120],"product_tag":[],"class_list":{"0":"post-79412","1":"product","2":"type-product","3":"status-publish","4":"has-post-thumbnail","6":"product_cat-accessoires","7":"product_cat-maroquinerie","8":"product_cat-prix-doux","9":"product_cat-voir-tout","10":"pif-has-gallery","12":"first","13":"instock","14":"sale","15":"taxable","16":"shipping-taxable","17":"purchasable","18":"product-type-variable"},"_links":{"self":[{"href":"https:\/\/www.justineboutique.fr\/wp\/wp-json\/wp\/v2\/product\/79412","targetHints":{"allow":["GET"]}}],"collection":[{"href":"https:\/\/www.justineboutique.fr\/wp\/wp-json\/wp\/v2\/product"}],"about":[{"href":"https:\/\/www.justineboutique.fr\/wp\/wp-json\/wp\/v2\/types\/product"}],"wp:featuredmedia":[{"embeddable":true,"href":"https:\/\/www.justineboutique.fr\/wp\/wp-json\/wp\/v2\/media\/80510"}],"wp:attachment":[{"href":"https:\/\/www.justineboutique.fr\/wp\/wp-json\/wp\/v2\/media?parent=79412"}],"wp:term":[{"taxonomy":"product_brand","embeddable":true,"href":"https:\/\/www.justineboutique.fr\/wp\/wp-json\/wp\/v2\/product_brand?post=79412"},{"taxonomy":"product_cat","embeddable":true,"href":"https:\/\/www.justineboutique.fr\/wp\/wp-json\/wp\/v2\/product_cat?post=79412"},{"taxonomy":"product_tag","embeddable":true,"href":"https:\/\/www.justineboutique.fr\/wp\/wp-json\/wp\/v2\/product_tag?post=79412"}],"curies":[{"name":"wp","href":"https:\/\/api.w.org\/{rel}","templated":true}]}}