
{"id":85640,"date":"2025-05-06T19:00:19","date_gmt":"2025-05-06T17:00:19","guid":{"rendered":"https:\/\/www.justineboutique.fr\/wp\/?post_type=product&#038;p=85640"},"modified":"2026-03-19T11:38:24","modified_gmt":"2026-03-19T10:38:24","slug":"castille-robe-courte-imprimee","status":"publish","type":"product","link":"https:\/\/www.justineboutique.fr\/wp\/produit\/castille-robe-courte-imprimee\/","title":{"rendered":"Castille robe courte imprim\u00e9e taille L"},"content":{"rendered":"","protected":false},"excerpt":{"rendered":"<p>&nbsp;<\/p>\n<p class=\"\" data-start=\"78\" data-end=\"189\">Une explosion de fra\u00eecheur et de f\u00e9minit\u00e9 vous attend avec notre robe Castille,<\/p>\n<p class=\"\" data-start=\"78\" data-end=\"189\">Parfaite pour les beaux jours !<\/p>\n<p class=\"\" data-start=\"191\" data-end=\"629\">\u27a4 <strong data-start=\"193\" data-end=\"219\">Imprim\u00e9 floral estival<\/strong> dans les tons bleus, verts et jaunes, <br data-start=\"320\" data-end=\"323\" \/>\u27a4 <strong data-start=\"325\" data-end=\"366\">Manches courtes l\u00e9g\u00e8rement bouffantes<\/strong> pour un look d\u00e9licat<br data-start=\"387\" data-end=\"390\" \/>\u27a4 <strong data-start=\"392\" data-end=\"410\">Taille fronc\u00e9e<\/strong> qui souligne la silhouette tout en confort<br data-start=\"453\" data-end=\"456\" \/>\u27a4 <strong data-start=\"458\" data-end=\"480\">Jupe \u00e9vas\u00e9e fluide<\/strong><br data-start=\"505\" data-end=\"508\" \/>\u27a4 <strong data-start=\"510\" data-end=\"533\">Doublure int\u00e9rieure<\/strong> pour une opacit\u00e9 parfaite<\/p>\n<p class=\"\" data-start=\"631\" data-end=\"701\">\u00c0 porter avec nos sandales dor\u00e9es Aubane pour une allure chic et p\u00e9tillante !<\/p>\n<p><b>Taille :<\/b><\/p>\n<p><span data-olk-copy-source=\"MessageBody\">S\/36 M\/38 L\/40<br \/>\n<\/span><\/p>\n<p class=\"x_elementToProof\">Choisissez votre taille habituelle<\/p>\n<p class=\"x_elementToProof\">Justine porte la taille S pour son 36<\/p>\n<p><b>Composition :<\/b><\/p>\n<p>100% polyester<\/p>\n<p><b>Entretien :<\/b><\/p>\n<p>Lavage en machine \u00e0 30\u00b0<\/p>\n<p><b data-olk-copy-source=\"MessageBody\">\ud83d\ude9aLivraison rapide et flexible<\/b><\/p>\n<p>Nous mettons tout en \u0153uvre pour vous livrer rapidement et en toute simplicit\u00e9.<\/p>\n<p>Profitez de la livraison offerte en point relais d\u00e8s 80\u20ac d\u2019achat<\/p>\n<p class=\"x_elementToProof\"><b>\ud83d\udd04Retours simplifi\u00e9s \u2013 100% s\u00e9r\u00e9nit\u00e9<\/b><\/p>\n<p><b>\u00a0<\/b>Vous avez\u00a0chang\u00e9 d\u2019avis ? Pas de souci !<\/p>\n<p>Vous disposez de 21 jours apr\u00e8s r\u00e9ception pour retourner un article contre remboursement<\/p>\n","protected":false},"featured_media":85840,"template":"","meta":{"_et_pb_use_builder":"","_et_pb_old_content":"","_et_gb_content_width":"","_exactmetrics_skip_tracking":false,"_exactmetrics_sitenote_active":false,"_exactmetrics_sitenote_note":"","_exactmetrics_sitenote_category":0},"product_brand":[],"product_cat":[20,165,25,120],"product_tag":[],"class_list":{"0":"post-85640","1":"product","2":"type-product","3":"status-publish","4":"has-post-thumbnail","6":"product_cat-pret-a-porter","7":"product_cat-prix-doux","8":"product_cat-robes-jupes","9":"product_cat-voir-tout","10":"pif-has-gallery","12":"first","13":"instock","14":"sale","15":"taxable","16":"shipping-taxable","17":"purchasable","18":"product-type-variable"},"_links":{"self":[{"href":"https:\/\/www.justineboutique.fr\/wp\/wp-json\/wp\/v2\/product\/85640","targetHints":{"allow":["GET"]}}],"collection":[{"href":"https:\/\/www.justineboutique.fr\/wp\/wp-json\/wp\/v2\/product"}],"about":[{"href":"https:\/\/www.justineboutique.fr\/wp\/wp-json\/wp\/v2\/types\/product"}],"wp:featuredmedia":[{"embeddable":true,"href":"https:\/\/www.justineboutique.fr\/wp\/wp-json\/wp\/v2\/media\/85840"}],"wp:attachment":[{"href":"https:\/\/www.justineboutique.fr\/wp\/wp-json\/wp\/v2\/media?parent=85640"}],"wp:term":[{"taxonomy":"product_brand","embeddable":true,"href":"https:\/\/www.justineboutique.fr\/wp\/wp-json\/wp\/v2\/product_brand?post=85640"},{"taxonomy":"product_cat","embeddable":true,"href":"https:\/\/www.justineboutique.fr\/wp\/wp-json\/wp\/v2\/product_cat?post=85640"},{"taxonomy":"product_tag","embeddable":true,"href":"https:\/\/www.justineboutique.fr\/wp\/wp-json\/wp\/v2\/product_tag?post=85640"}],"curies":[{"name":"wp","href":"https:\/\/api.w.org\/{rel}","templated":true}]}}