
{"id":87429,"date":"2025-06-24T19:00:11","date_gmt":"2025-06-24T17:00:11","guid":{"rendered":"https:\/\/www.justineboutique.fr\/wp\/?post_type=product&#038;p=87429"},"modified":"2026-03-19T11:50:09","modified_gmt":"2026-03-19T10:50:09","slug":"marge-robe-imprimee","status":"publish","type":"product","link":"https:\/\/www.justineboutique.fr\/wp\/produit\/marge-robe-imprimee\/","title":{"rendered":"Marge robe imprim\u00e9e"},"content":{"rendered":"","protected":false},"excerpt":{"rendered":"<p>&nbsp;<\/p>\n<p data-start=\"2088\" data-end=\"2297\"><strong data-start=\"2088\" data-end=\"2108\">Notre robe Marge<\/strong> est un concentr\u00e9 de fra\u00eecheur avec son imprim\u00e9 feuillage dans les tons bleus, verts, jaunes et violets.<\/p>\n<p data-start=\"2088\" data-end=\"2297\">Sa coupe midi fluide et sa fente sur le c\u00f4t\u00e9 en font une alli\u00e9e de choix pour l\u2019\u00e9t\u00e9.<\/p>\n<p data-start=\"2299\" data-end=\"2541\">\ud83d\udd39 <strong data-start=\"2302\" data-end=\"2331\">Imprim\u00e9 v\u00e9g\u00e9tal graphique<\/strong> sur fond clair<br data-start=\"2346\" data-end=\"2349\" \/>\ud83d\udd39 <strong data-start=\"2352\" data-end=\"2398\">Manches courtes ballon <\/strong><br data-start=\"2442\" data-end=\"2445\" \/>\ud83d\udd39 <strong data-start=\"2448\" data-end=\"2470\">Fente sur la jambe<\/strong> pour un effet l\u00e9ger <br data-start=\"2501\" data-end=\"2504\" \/>\ud83d\udd39 <strong data-start=\"2507\" data-end=\"2541\">Tissu agr\u00e9able \u00e0 porter<\/strong><\/p>\n<p data-start=\"2543\" data-end=\"2643\">\ud83d\udca1 \u00c0 porter avec nos <strong data-start=\"2564\" data-end=\"2590\">sandales Aubane<\/strong>, pour un combo parfait!<\/p>\n<p><strong>Taille :<\/strong><\/p>\n<p><span data-olk-copy-source=\"MessageBody\">S\/M correspond \u00e0 un 36\/38<\/span><\/p>\n<p>L\/XL correspond \u00e0 un 38\/40<\/p>\n<p class=\"x_elementToProof\">Justine porte la taille S\/M pour son 36 habituel<\/p>\n<p><strong>Composition :<\/strong><\/p>\n<p>81% viscose<\/p>\n<p>19% polyamide<\/p>\n<p><strong>Entretien :<\/strong><\/p>\n<p>Lavage en machine \u00e0 30\u00b0<\/p>\n<p>\ud83d\ude9a<strong>Livraison rapide et flexible<\/strong><\/p>\n<p>Nous mettons tout en \u0153uvre pour vous livrer rapidement et en toute simplicit\u00e9.<\/p>\n<p>Profitez de la livraison offerte en point relais d\u00e8s 80\u20ac d\u2019achat<\/p>\n<p>\ud83d\udd04<strong>Retours simplifi\u00e9s \u2013 100% s\u00e9r\u00e9nit\u00e9<\/strong><\/p>\n<p>Vous avez\u00a0chang\u00e9 d\u2019avis ? Pas de souci !<\/p>\n<p>Vous disposez de 21 jours apr\u00e8s r\u00e9ception pour retourner un article contre remboursement<\/p>\n","protected":false},"featured_media":87564,"template":"","meta":{"_et_pb_use_builder":"","_et_pb_old_content":"","_et_gb_content_width":"","_exactmetrics_skip_tracking":false,"_exactmetrics_sitenote_active":false,"_exactmetrics_sitenote_note":"","_exactmetrics_sitenote_category":0},"product_brand":[],"product_cat":[20,25,120],"product_tag":[],"class_list":{"0":"post-87429","1":"product","2":"type-product","3":"status-publish","4":"has-post-thumbnail","6":"product_cat-pret-a-porter","7":"product_cat-robes-jupes","8":"product_cat-voir-tout","9":"pif-has-gallery","11":"first","12":"instock","13":"sale","14":"taxable","15":"shipping-taxable","16":"purchasable","17":"product-type-variable"},"_links":{"self":[{"href":"https:\/\/www.justineboutique.fr\/wp\/wp-json\/wp\/v2\/product\/87429","targetHints":{"allow":["GET"]}}],"collection":[{"href":"https:\/\/www.justineboutique.fr\/wp\/wp-json\/wp\/v2\/product"}],"about":[{"href":"https:\/\/www.justineboutique.fr\/wp\/wp-json\/wp\/v2\/types\/product"}],"wp:featuredmedia":[{"embeddable":true,"href":"https:\/\/www.justineboutique.fr\/wp\/wp-json\/wp\/v2\/media\/87564"}],"wp:attachment":[{"href":"https:\/\/www.justineboutique.fr\/wp\/wp-json\/wp\/v2\/media?parent=87429"}],"wp:term":[{"taxonomy":"product_brand","embeddable":true,"href":"https:\/\/www.justineboutique.fr\/wp\/wp-json\/wp\/v2\/product_brand?post=87429"},{"taxonomy":"product_cat","embeddable":true,"href":"https:\/\/www.justineboutique.fr\/wp\/wp-json\/wp\/v2\/product_cat?post=87429"},{"taxonomy":"product_tag","embeddable":true,"href":"https:\/\/www.justineboutique.fr\/wp\/wp-json\/wp\/v2\/product_tag?post=87429"}],"curies":[{"name":"wp","href":"https:\/\/api.w.org\/{rel}","templated":true}]}}