
{"id":87439,"date":"2025-06-24T19:00:13","date_gmt":"2025-06-24T17:00:13","guid":{"rendered":"https:\/\/www.justineboutique.fr\/wp\/?post_type=product&#038;p=87439"},"modified":"2026-03-19T11:27:08","modified_gmt":"2026-03-19T10:27:08","slug":"judith-robe-broderie-ecrue","status":"publish","type":"product","link":"https:\/\/www.justineboutique.fr\/wp\/produit\/judith-robe-broderie-ecrue\/","title":{"rendered":"Judith robe broderie \u00e9crue taille S\/M"},"content":{"rendered":"","protected":false},"excerpt":{"rendered":"<p>&nbsp;<\/p>\n<p data-start=\"101\" data-end=\"256\">\ud83e\udd0d <strong data-start=\"104\" data-end=\"142\">Douceur boh\u00e8me et f\u00e9minit\u00e9 assum\u00e9e<\/strong><\/p>\n<p data-start=\"101\" data-end=\"256\">Notre robe <em data-start=\"156\" data-end=\"164\">Judith<\/em> incarne \u00e0 merveille l\u2019esprit estival, avec une coupe fluide et un joli travail de textures.<\/p>\n<p data-start=\"258\" data-end=\"655\">\ud83d\udd39 <strong data-start=\"261\" data-end=\"312\">D\u00e9collet\u00e9 crois\u00e9 avec liens nou\u00e9s dans la nuque<\/strong> (peut se porter sans croiser le lien sur le devant)<br data-start=\"351\" data-end=\"354\" \/>\ud83d\udd39 <strong data-start=\"357\" data-end=\"383\">Haut en maille ajour\u00e9e<\/strong> fa\u00e7on crochet, qui contraste \u00e9l\u00e9gamment avec le bas<br data-start=\"435\" data-end=\"438\" \/>\ud83d\udd39 <strong data-start=\"441\" data-end=\"469\">Tissu gaufr\u00e9 effet coton<\/strong>, l\u00e9ger et respirant pour les chaudes journ\u00e9es<br data-start=\"515\" data-end=\"518\" \/>\ud83d\udd39 <strong data-start=\"521\" data-end=\"547\">Coupe droite et fluide<\/strong>, facile \u00e0 porter au quotidien ou en vacances<\/p>\n<p data-start=\"258\" data-end=\"655\"><br data-start=\"592\" data-end=\"595\" \/>\ud83d\udca1 Pour compl\u00e9ter le look, craquez pour une accumulation de bracelets dor\u00e9s et notre <strong data-start=\"742\" data-end=\"766\">bracelet coquillages<\/strong>, comme ici !<\/p>\n<p><strong>Taille :<\/strong><\/p>\n<p><span data-olk-copy-source=\"MessageBody\">S\/M correspond \u00e0 un 36\/38<\/span><\/p>\n<p>L\/XL correspond \u00e0 un 38\/40 voir petit 42<\/p>\n<p class=\"x_elementToProof\">Justine porte la taille S\/M pour son 36 habituel<\/p>\n<p>Ce mod\u00e8le est plut\u00f4t adapt\u00e9 pour les petites poitrines<\/p>\n<p><strong>Composition :<\/strong><\/p>\n<p>100% coton<\/p>\n<p><strong>Entretien :<\/strong><\/p>\n<p>Lavage en machine \u00e0 30\u00b0<\/p>\n<p>\ud83d\ude9a<strong>Livraison rapide et flexible<\/strong><\/p>\n<p>Nous mettons tout en \u0153uvre pour vous livrer rapidement et en toute simplicit\u00e9.<\/p>\n<p>Profitez de la livraison offerte en point relais d\u00e8s 80\u20ac d\u2019achat<\/p>\n<p>\ud83d\udd04<strong>Retours simplifi\u00e9s \u2013 100% s\u00e9r\u00e9nit\u00e9<\/strong><\/p>\n<p>Vous avez\u00a0chang\u00e9 d\u2019avis ? Pas de souci !<\/p>\n<p>Vous disposez de 21 jours apr\u00e8s r\u00e9ception pour retourner un article contre remboursement<\/p>\n","protected":false},"featured_media":87504,"template":"","meta":{"_et_pb_use_builder":"","_et_pb_old_content":"","_et_gb_content_width":"","_exactmetrics_skip_tracking":false,"_exactmetrics_sitenote_active":false,"_exactmetrics_sitenote_note":"","_exactmetrics_sitenote_category":0},"product_brand":[],"product_cat":[20,165,25,120],"product_tag":[],"class_list":{"0":"post-87439","1":"product","2":"type-product","3":"status-publish","4":"has-post-thumbnail","6":"product_cat-pret-a-porter","7":"product_cat-prix-doux","8":"product_cat-robes-jupes","9":"product_cat-voir-tout","10":"pif-has-gallery","12":"first","13":"instock","14":"sale","15":"taxable","16":"shipping-taxable","17":"purchasable","18":"product-type-variable"},"_links":{"self":[{"href":"https:\/\/www.justineboutique.fr\/wp\/wp-json\/wp\/v2\/product\/87439","targetHints":{"allow":["GET"]}}],"collection":[{"href":"https:\/\/www.justineboutique.fr\/wp\/wp-json\/wp\/v2\/product"}],"about":[{"href":"https:\/\/www.justineboutique.fr\/wp\/wp-json\/wp\/v2\/types\/product"}],"wp:featuredmedia":[{"embeddable":true,"href":"https:\/\/www.justineboutique.fr\/wp\/wp-json\/wp\/v2\/media\/87504"}],"wp:attachment":[{"href":"https:\/\/www.justineboutique.fr\/wp\/wp-json\/wp\/v2\/media?parent=87439"}],"wp:term":[{"taxonomy":"product_brand","embeddable":true,"href":"https:\/\/www.justineboutique.fr\/wp\/wp-json\/wp\/v2\/product_brand?post=87439"},{"taxonomy":"product_cat","embeddable":true,"href":"https:\/\/www.justineboutique.fr\/wp\/wp-json\/wp\/v2\/product_cat?post=87439"},{"taxonomy":"product_tag","embeddable":true,"href":"https:\/\/www.justineboutique.fr\/wp\/wp-json\/wp\/v2\/product_tag?post=87439"}],"curies":[{"name":"wp","href":"https:\/\/api.w.org\/{rel}","templated":true}]}}