
{"id":87677,"date":"2025-07-01T19:00:09","date_gmt":"2025-07-01T17:00:09","guid":{"rendered":"https:\/\/www.justineboutique.fr\/wp\/?post_type=product&#038;p=87677"},"modified":"2026-03-19T11:28:25","modified_gmt":"2026-03-19T10:28:25","slug":"pauline-robe-longue-verte","status":"publish","type":"product","link":"https:\/\/www.justineboutique.fr\/wp\/produit\/pauline-robe-longue-verte\/","title":{"rendered":"Pauline robe longue verte taille M\/L"},"content":{"rendered":"","protected":false},"excerpt":{"rendered":"<p>&nbsp;<\/p>\n<p data-start=\"99\" data-end=\"300\">\ud83c\udf34 <strong data-start=\"102\" data-end=\"179\">Un air de vacances souffle sur votre garde-robe avec notre robe Pauline !<\/strong><\/p>\n<p data-start=\"99\" data-end=\"300\">Fluide, l\u00e9g\u00e8re et joliment \u00e9chancr\u00e9e, elle est parfaite pour les journ\u00e9es d\u2019\u00e9t\u00e9 o\u00f9 l\u2019on veut allier confort et f\u00e9minit\u00e9.<\/p>\n<p data-start=\"302\" data-end=\"625\">\ud83d\udd39 <strong data-start=\"305\" data-end=\"349\">D\u00e9collet\u00e9 fronc\u00e9<\/strong>, maintenu par un lien tour de cou \u00e0 nouer<br data-start=\"383\" data-end=\"386\" \/>\ud83d\udd39 <strong data-start=\"389\" data-end=\"403\">Dos smock\u00e9<\/strong>, pour un maintien souple et confortable<br data-start=\"443\" data-end=\"446\" \/>\ud83d\udd39 <strong>Fente lat\u00e9rale<\/strong> sur la jambe<br data-start=\"503\" data-end=\"506\" \/>\ud83d\udd39 <strong data-start=\"509\" data-end=\"541\">Tissu fluide en lin<\/strong>, agr\u00e9able \u00e0 porter<br data-start=\"560\" data-end=\"563\" \/>\ud83d\udd39 Coloris vert lumineux, parfait pour faire ressortir le h\u00e2le<\/p>\n<p><strong>Taille :<\/strong><\/p>\n<p><span data-olk-copy-source=\"MessageBody\">S\/M:36\/38 et M\/L:38\/40<\/span><\/p>\n<p>Choisissez votre taille habituelle<\/p>\n<p class=\"x_elementToProof\">Justine porte la taille S\/M pour son 36<\/p>\n<p><strong>Composition :<\/strong><\/p>\n<p>65% viscose<\/p>\n<p>35% lin<\/p>\n<p><strong>Entretien :<\/strong><\/p>\n<p>Lavage en machine \u00e0 30\u00b0<\/p>\n<p>\ud83d\ude9a<strong>Livraison rapide et flexible<\/strong><\/p>\n<p>Nous mettons tout en \u0153uvre pour vous livrer rapidement et en toute simplicit\u00e9.<\/p>\n<p>Profitez de la livraison offerte en point relais d\u00e8s 80\u20ac d\u2019achat<\/p>\n<p>\ud83d\udd04<strong>Retours simplifi\u00e9s \u2013 100% s\u00e9r\u00e9nit\u00e9<\/strong><\/p>\n<p>Vous avez\u00a0chang\u00e9 d\u2019avis ? Pas de souci !<\/p>\n<p>Vous disposez de 21 jours apr\u00e8s r\u00e9ception pour retourner un article contre remboursement<\/p>\n","protected":false},"featured_media":87778,"template":"","meta":{"_et_pb_use_builder":"","_et_pb_old_content":"","_et_gb_content_width":"","_exactmetrics_skip_tracking":false,"_exactmetrics_sitenote_active":false,"_exactmetrics_sitenote_note":"","_exactmetrics_sitenote_category":0},"product_brand":[],"product_cat":[20,165,25,120],"product_tag":[],"class_list":{"0":"post-87677","1":"product","2":"type-product","3":"status-publish","4":"has-post-thumbnail","6":"product_cat-pret-a-porter","7":"product_cat-prix-doux","8":"product_cat-robes-jupes","9":"product_cat-voir-tout","10":"pif-has-gallery","12":"first","13":"instock","14":"sale","15":"taxable","16":"shipping-taxable","17":"purchasable","18":"product-type-variable"},"_links":{"self":[{"href":"https:\/\/www.justineboutique.fr\/wp\/wp-json\/wp\/v2\/product\/87677","targetHints":{"allow":["GET"]}}],"collection":[{"href":"https:\/\/www.justineboutique.fr\/wp\/wp-json\/wp\/v2\/product"}],"about":[{"href":"https:\/\/www.justineboutique.fr\/wp\/wp-json\/wp\/v2\/types\/product"}],"wp:featuredmedia":[{"embeddable":true,"href":"https:\/\/www.justineboutique.fr\/wp\/wp-json\/wp\/v2\/media\/87778"}],"wp:attachment":[{"href":"https:\/\/www.justineboutique.fr\/wp\/wp-json\/wp\/v2\/media?parent=87677"}],"wp:term":[{"taxonomy":"product_brand","embeddable":true,"href":"https:\/\/www.justineboutique.fr\/wp\/wp-json\/wp\/v2\/product_brand?post=87677"},{"taxonomy":"product_cat","embeddable":true,"href":"https:\/\/www.justineboutique.fr\/wp\/wp-json\/wp\/v2\/product_cat?post=87677"},{"taxonomy":"product_tag","embeddable":true,"href":"https:\/\/www.justineboutique.fr\/wp\/wp-json\/wp\/v2\/product_tag?post=87677"}],"curies":[{"name":"wp","href":"https:\/\/api.w.org\/{rel}","templated":true}]}}