
{"id":88813,"date":"2025-09-02T19:00:15","date_gmt":"2025-09-02T17:00:15","guid":{"rendered":"https:\/\/www.justineboutique.fr\/wp\/?post_type=product&#038;p=88813"},"modified":"2026-04-15T09:50:13","modified_gmt":"2026-04-15T07:50:13","slug":"dino-pantalon-fluide-ecru","status":"publish","type":"product","link":"https:\/\/www.justineboutique.fr\/wp\/produit\/dino-pantalon-fluide-ecru\/","title":{"rendered":"Dino pantalon fluide \u00e9cru taille S"},"content":{"rendered":"","protected":false},"excerpt":{"rendered":"<p>&nbsp;<\/p>\n<p data-start=\"86\" data-end=\"321\">\u2728 \u00c9l\u00e9gant, fluide et ultra confortable, notre pantalon <strong data-start=\"141\" data-end=\"149\">Dino<\/strong> est la pi\u00e8ce parfaite pour composer des looks des + sobres aux + travaill\u00e9s<\/p>\n<p data-start=\"86\" data-end=\"321\">Sa coupe ample et sa couleur \u00e9cru lumineuse en font un alli\u00e9 du quotidien comme des occasions sp\u00e9ciales.<\/p>\n<p data-start=\"323\" data-end=\"619\">\ud83d\udd39 <strong data-start=\"326\" data-end=\"342\">Coupe fluide<\/strong> et mati\u00e8re souple pour un tomb\u00e9 parfait\u00a0<br data-start=\"383\" data-end=\"386\" \/>\ud83d\udd39 <strong data-start=\"389\" data-end=\"405\">Taille haute<\/strong> avec pinces flatteuses \u00e0 l\u2019avant<br data-start=\"438\" data-end=\"441\" \/>\ud83d\udd39 <strong>Passants<\/strong> pour le ceinturer<br data-start=\"511\" data-end=\"514\" \/>\ud83d\udd39 <strong data-start=\"517\" data-end=\"533\">Couleur \u00e9cru<\/strong> douce et facile \u00e0 associer<br data-start=\"560\" data-end=\"563\" \/>\ud83d\udd39 Confortable et l\u00e9ger, id\u00e9al pour toutes les saisons<\/p>\n<p data-start=\"621\" data-end=\"859\">\ud83d\udca1 On l\u2019adore avec un tee-shirt basique rentr\u00e9 et une ceinture contrastante<\/p>\n<p><strong>Taille :<\/strong><\/p>\n<p><span data-olk-copy-source=\"MessageBody\">S\/36 M\/38 L\/40 XL\/42<\/span><\/p>\n<p>Choisissez votre taille habituelle<\/p>\n<p>Justine porte la taille S pour son 36<\/p>\n<p><strong>Composition :<\/strong><\/p>\n<p>100% polyester<\/p>\n<p><strong>Entretien :<\/strong><\/p>\n<p>Lavage en machine \u00e0 30\u00b0<\/p>\n<p>\ud83d\ude9a<strong>Livraison rapide et flexible<\/strong><\/p>\n<p>Nous mettons tout en \u0153uvre pour vous livrer rapidement et en toute simplicit\u00e9.<\/p>\n<p>Profitez de la livraison offerte en point relais d\u00e8s 80\u20ac d\u2019achat<\/p>\n<p>\ud83d\udd04<strong>Retours simplifi\u00e9s \u2013 100% s\u00e9r\u00e9nit\u00e9<\/strong><\/p>\n<p>Vous avez\u00a0chang\u00e9 d\u2019avis ? Pas de souci !<\/p>\n<p>Vous disposez de 21 jours apr\u00e8s r\u00e9ception pour retourner un article contre remboursement<\/p>\n","protected":false},"featured_media":89005,"template":"","meta":{"_et_pb_use_builder":"","_et_pb_old_content":"","_et_gb_content_width":"","_exactmetrics_skip_tracking":false,"_exactmetrics_sitenote_active":false,"_exactmetrics_sitenote_note":"","_exactmetrics_sitenote_category":0},"product_brand":[],"product_cat":[185,26,20,165,120],"product_tag":[],"class_list":{"0":"post-88813","1":"product","2":"type-product","3":"status-publish","4":"has-post-thumbnail","6":"product_cat-bas","7":"product_cat-jeans-pantalon-shorts","8":"product_cat-pret-a-porter","9":"product_cat-prix-doux","10":"product_cat-voir-tout","11":"pif-has-gallery","13":"first","14":"instock","15":"sale","16":"taxable","17":"shipping-taxable","18":"purchasable","19":"product-type-variable"},"_links":{"self":[{"href":"https:\/\/www.justineboutique.fr\/wp\/wp-json\/wp\/v2\/product\/88813","targetHints":{"allow":["GET"]}}],"collection":[{"href":"https:\/\/www.justineboutique.fr\/wp\/wp-json\/wp\/v2\/product"}],"about":[{"href":"https:\/\/www.justineboutique.fr\/wp\/wp-json\/wp\/v2\/types\/product"}],"wp:featuredmedia":[{"embeddable":true,"href":"https:\/\/www.justineboutique.fr\/wp\/wp-json\/wp\/v2\/media\/89005"}],"wp:attachment":[{"href":"https:\/\/www.justineboutique.fr\/wp\/wp-json\/wp\/v2\/media?parent=88813"}],"wp:term":[{"taxonomy":"product_brand","embeddable":true,"href":"https:\/\/www.justineboutique.fr\/wp\/wp-json\/wp\/v2\/product_brand?post=88813"},{"taxonomy":"product_cat","embeddable":true,"href":"https:\/\/www.justineboutique.fr\/wp\/wp-json\/wp\/v2\/product_cat?post=88813"},{"taxonomy":"product_tag","embeddable":true,"href":"https:\/\/www.justineboutique.fr\/wp\/wp-json\/wp\/v2\/product_tag?post=88813"}],"curies":[{"name":"wp","href":"https:\/\/api.w.org\/{rel}","templated":true}]}}