
{"id":89397,"date":"2025-09-16T19:00:14","date_gmt":"2025-09-16T17:00:14","guid":{"rendered":"https:\/\/www.justineboutique.fr\/wp\/?post_type=product&#038;p=89397"},"modified":"2026-01-20T15:06:32","modified_gmt":"2026-01-20T14:06:32","slug":"pierre-jean-droit-choco","status":"publish","type":"product","link":"https:\/\/www.justineboutique.fr\/wp\/produit\/pierre-jean-droit-choco\/","title":{"rendered":"Pierre jean droit choco"},"content":{"rendered":"","protected":false},"excerpt":{"rendered":"<p>&nbsp;<\/p>\n<p data-start=\"83\" data-end=\"313\">Un incontournable, apr\u00e8s la version blanche et brut, voici <strong data-start=\"112\" data-end=\"145\">notre jean droit Pierre choco<\/strong><\/p>\n<p data-start=\"83\" data-end=\"313\">Sa coupe droite intemporelle et sa teinte chocolat profonde en font une pi\u00e8ce parfaite pour varier des classiques bleus.<\/p>\n<p data-start=\"315\" data-end=\"685\">&#8211; <strong data-start=\"318\" data-end=\"334\">Coupe droite<\/strong> : met en valeur la silhouette tout en restant confortable<br data-start=\"392\" data-end=\"395\" \/>&#8211; <strong data-start=\"398\" data-end=\"427\">Coloris chocolat tendance<\/strong>, facile \u00e0 assortir aux tons clairs comme fonc\u00e9s<br data-start=\"475\" data-end=\"478\" \/>&#8211; <strong data-start=\"481\" data-end=\"507\">Taille haute flatteuse<\/strong>, id\u00e9ale pour allonger la jambe<br data-start=\"615\" data-end=\"618\" \/>&#8211; <strong data-start=\"621\" data-end=\"652\">D\u00e9tails classiques <\/strong>5 poches<\/p>\n<p><strong>Taille :<\/strong><\/p>\n<p><span data-olk-copy-source=\"MessageBody\">XS\/34 S\/36 M\/38 L\/40 XL\/42<\/span><\/p>\n<p>Choisissez votre taille habituelle<\/p>\n<p>Justine porte la taille S pour son 36<\/p>\n<p><strong>Composition :<\/strong><\/p>\n<p>98.5% coton<\/p>\n<p>1.5% \u00e9lasthanne<\/p>\n<p><strong>Entretien :<\/strong><\/p>\n<p>Lavage en machine \u00e0 30\u00b0<\/p>\n<p>\ud83d\ude9a<strong>Livraison rapide et flexible<\/strong><\/p>\n<p>Nous mettons tout en \u0153uvre pour vous livrer rapidement et en toute simplicit\u00e9.<\/p>\n<p>Profitez de la livraison offerte en point relais d\u00e8s 80\u20ac d\u2019achat<\/p>\n<p>\ud83d\udd04<strong>Retours simplifi\u00e9s \u2013 100% s\u00e9r\u00e9nit\u00e9<\/strong><\/p>\n<p>Vous avez\u00a0chang\u00e9 d\u2019avis ? Pas de souci !<\/p>\n<p>Vous disposez de 21 jours apr\u00e8s r\u00e9ception pour retourner un article contre remboursement<\/p>\n","protected":false},"featured_media":89549,"template":"","meta":{"_et_pb_use_builder":"","_et_pb_old_content":"","_et_gb_content_width":"","_exactmetrics_skip_tracking":false,"_exactmetrics_sitenote_active":false,"_exactmetrics_sitenote_note":"","_exactmetrics_sitenote_category":0},"product_brand":[],"product_cat":[185,26,169,20,120],"product_tag":[],"class_list":{"0":"post-89397","1":"product","2":"type-product","3":"status-publish","4":"has-post-thumbnail","6":"product_cat-bas","7":"product_cat-jeans-pantalon-shorts","8":"product_cat-nouveautes","9":"product_cat-pret-a-porter","10":"product_cat-voir-tout","11":"pif-has-gallery","13":"first","14":"instock","15":"taxable","16":"shipping-taxable","17":"purchasable","18":"product-type-variable"},"_links":{"self":[{"href":"https:\/\/www.justineboutique.fr\/wp\/wp-json\/wp\/v2\/product\/89397","targetHints":{"allow":["GET"]}}],"collection":[{"href":"https:\/\/www.justineboutique.fr\/wp\/wp-json\/wp\/v2\/product"}],"about":[{"href":"https:\/\/www.justineboutique.fr\/wp\/wp-json\/wp\/v2\/types\/product"}],"wp:featuredmedia":[{"embeddable":true,"href":"https:\/\/www.justineboutique.fr\/wp\/wp-json\/wp\/v2\/media\/89549"}],"wp:attachment":[{"href":"https:\/\/www.justineboutique.fr\/wp\/wp-json\/wp\/v2\/media?parent=89397"}],"wp:term":[{"taxonomy":"product_brand","embeddable":true,"href":"https:\/\/www.justineboutique.fr\/wp\/wp-json\/wp\/v2\/product_brand?post=89397"},{"taxonomy":"product_cat","embeddable":true,"href":"https:\/\/www.justineboutique.fr\/wp\/wp-json\/wp\/v2\/product_cat?post=89397"},{"taxonomy":"product_tag","embeddable":true,"href":"https:\/\/www.justineboutique.fr\/wp\/wp-json\/wp\/v2\/product_tag?post=89397"}],"curies":[{"name":"wp","href":"https:\/\/api.w.org\/{rel}","templated":true}]}}