
{"id":90946,"date":"2025-11-04T19:00:18","date_gmt":"2025-11-04T18:00:18","guid":{"rendered":"https:\/\/www.justineboutique.fr\/wp\/?post_type=product&#038;p=90946"},"modified":"2026-03-31T16:10:13","modified_gmt":"2026-03-31T14:10:13","slug":"collier-pieces-de-monnaie","status":"publish","type":"product","link":"https:\/\/www.justineboutique.fr\/wp\/produit\/collier-pieces-de-monnaie\/","title":{"rendered":"Collier pi\u00e8ces de monnaie"},"content":{"rendered":"","protected":false},"excerpt":{"rendered":"<p>&nbsp;<\/p>\n<p data-start=\"100\" data-end=\"313\">Un bijou au charme intemporel qui capte la lumi\u00e8re \u00e0 chaque mouvement.<\/p>\n<p data-start=\"100\" data-end=\"313\"><strong data-start=\"171\" data-end=\"207\">Notre collier cha\u00eene pi\u00e8ces de monnaie<\/strong> s\u00e9duit par sa maille d\u00e9licate et ses breloques dor\u00e9es,<\/p>\n<p data-start=\"315\" data-end=\"576\">\ud83d\udd39 <strong data-start=\"318\" data-end=\"347\">Cinq breloques,\u00a0<\/strong>1 m\u00e9daillon, 3 pi\u00e8ces de monnaie et un petit coeur<br data-start=\"383\" data-end=\"386\" \/>\ud83d\udd39\u00a0<strong data-start=\"389\" data-end=\"414\">Maille cha\u00eene fine et allong\u00e9e et martel\u00e9e<\/strong>, tendance et \u00e9l\u00e9gante<br data-start=\"504\" data-end=\"507\" \/>\ud83d\udd39\u00a0<strong data-start=\"510\" data-end=\"541\">Fermoir mousqueton r\u00e9glable<\/strong>, s\u2019adapte \u00e0 toutes les encolures<\/p>\n<p data-start=\"315\" data-end=\"576\">\ud83d\ude9a<strong>Livraison rapide et flexible<\/strong><\/p>\n<div class=\"woocommerce-product-details__short-description\">\n<p>Nous mettons tout en \u0153uvre pour vous livrer rapidement et en toute simplicit\u00e9.<\/p>\n<p>Profitez de la livraison offerte en point relais d\u00e8s 80\u20ac d\u2019achat<\/p>\n<p>\ud83d\udd04<strong>Retours simplifi\u00e9s \u2013 100% s\u00e9r\u00e9nit\u00e9<\/strong><\/p>\n<p>Vous avez\u00a0chang\u00e9 d\u2019avis ? Pas de souci !<\/p>\n<p>Vous disposez de 21 jours apr\u00e8s r\u00e9ception pour retourner un article contre remboursement<\/p>\n<\/div>\n","protected":false},"featured_media":91048,"template":"","meta":{"_et_pb_use_builder":"","_et_pb_old_content":"","_et_gb_content_width":"","_exactmetrics_skip_tracking":false,"_exactmetrics_sitenote_active":false,"_exactmetrics_sitenote_note":"","_exactmetrics_sitenote_category":0},"product_brand":[],"product_cat":[21,122,169,120],"product_tag":[],"class_list":{"0":"post-90946","1":"product","2":"type-product","3":"status-publish","4":"has-post-thumbnail","6":"product_cat-accessoires","7":"product_cat-colliers","8":"product_cat-nouveautes","9":"product_cat-voir-tout","10":"pif-has-gallery","12":"first","13":"instock","14":"taxable","15":"shipping-taxable","16":"purchasable","17":"product-type-variable"},"_links":{"self":[{"href":"https:\/\/www.justineboutique.fr\/wp\/wp-json\/wp\/v2\/product\/90946","targetHints":{"allow":["GET"]}}],"collection":[{"href":"https:\/\/www.justineboutique.fr\/wp\/wp-json\/wp\/v2\/product"}],"about":[{"href":"https:\/\/www.justineboutique.fr\/wp\/wp-json\/wp\/v2\/types\/product"}],"wp:featuredmedia":[{"embeddable":true,"href":"https:\/\/www.justineboutique.fr\/wp\/wp-json\/wp\/v2\/media\/91048"}],"wp:attachment":[{"href":"https:\/\/www.justineboutique.fr\/wp\/wp-json\/wp\/v2\/media?parent=90946"}],"wp:term":[{"taxonomy":"product_brand","embeddable":true,"href":"https:\/\/www.justineboutique.fr\/wp\/wp-json\/wp\/v2\/product_brand?post=90946"},{"taxonomy":"product_cat","embeddable":true,"href":"https:\/\/www.justineboutique.fr\/wp\/wp-json\/wp\/v2\/product_cat?post=90946"},{"taxonomy":"product_tag","embeddable":true,"href":"https:\/\/www.justineboutique.fr\/wp\/wp-json\/wp\/v2\/product_tag?post=90946"}],"curies":[{"name":"wp","href":"https:\/\/api.w.org\/{rel}","templated":true}]}}