
{"id":92562,"date":"2026-01-13T19:00:11","date_gmt":"2026-01-13T18:00:11","guid":{"rendered":"https:\/\/www.justineboutique.fr\/wp\/?post_type=product&#038;p=92562"},"modified":"2026-04-15T16:00:13","modified_gmt":"2026-04-15T14:00:13","slug":"pierre-jean-droit-ecru","status":"publish","type":"product","link":"https:\/\/www.justineboutique.fr\/wp\/produit\/pierre-jean-droit-ecru\/","title":{"rendered":"Pierre jean droit \u00e9cru"},"content":{"rendered":"","protected":false},"excerpt":{"rendered":"<p>&nbsp;<\/p>\n<p data-start=\"151\" data-end=\"376\">Un incontournable du dressing, \u00e0 la fois\u00a0casual et \u00e9l\u00e9gant, qu\u2019on enfile sans r\u00e9fl\u00e9chir pour un look parfait au quotidien !<\/p>\n<p data-start=\"151\" data-end=\"376\">Sa coupe droite allonge la silhouette et assure un confort absolu tout au long de la journ\u00e9e.<\/p>\n<p data-start=\"378\" data-end=\"611\">&#8211; Taille haute\u00a0pour une allure bien structur\u00e9e<br data-start=\"441\" data-end=\"444\" \/>&#8211; Denim \u00e9cru,\u00a0agr\u00e9able \u00e0 porter et facile \u00e0 associer\u00a0<br data-start=\"484\" data-end=\"487\" \/>&#8211; Coupe droite parfaite<br data-start=\"550\" data-end=\"553\" \/>&#8211; Fermeture zip + bouton<\/p>\n<p>Taille :<\/p>\n<p>XS\/34 S\/36 M\/38 L\/40 XL\/42<\/p>\n<p>Choisissez votre taille habituelle<\/p>\n<p>Justine porte la taille S pour son 36<\/p>\n<p><strong>Composition :<\/strong><\/p>\n<p>98.5% coton<\/p>\n<p>1.5% \u00e9lasthanne<\/p>\n<p><strong>Entretien :<\/strong><\/p>\n<p>Lavage en machine \u00e0 30\u00b0sur l&#8217;envers<\/p>\n<p>\ud83d\ude9a<strong>Livraison rapide et flexible<\/strong><\/p>\n<p>Nous mettons tout en \u0153uvre pour vous livrer rapidement et en toute simplicit\u00e9.<\/p>\n<p>Profitez de la livraison offerte en point relais d\u00e8s 80\u20ac d\u2019achat<\/p>\n<p>\ud83d\udd04<strong>Retours simplifi\u00e9s \u2013 100% s\u00e9r\u00e9nit\u00e9<\/strong><\/p>\n<p>Vous avez\u00a0chang\u00e9 d\u2019avis ? Pas de souci !<\/p>\n<p>Vous disposez de 21 jours apr\u00e8s r\u00e9ception pour retourner un article contre remboursement<\/p>\n","protected":false},"featured_media":94429,"template":"","meta":{"_et_pb_use_builder":"","_et_pb_old_content":"","_et_gb_content_width":"","_exactmetrics_skip_tracking":false,"_exactmetrics_sitenote_active":false,"_exactmetrics_sitenote_note":"","_exactmetrics_sitenote_category":0},"product_brand":[],"product_cat":[185,26,169,20,120],"product_tag":[],"class_list":{"0":"post-92562","1":"product","2":"type-product","3":"status-publish","4":"has-post-thumbnail","6":"product_cat-bas","7":"product_cat-jeans-pantalon-shorts","8":"product_cat-nouveautes","9":"product_cat-pret-a-porter","10":"product_cat-voir-tout","11":"pif-has-gallery","13":"first","14":"instock","15":"taxable","16":"shipping-taxable","17":"purchasable","18":"product-type-variable"},"_links":{"self":[{"href":"https:\/\/www.justineboutique.fr\/wp\/wp-json\/wp\/v2\/product\/92562","targetHints":{"allow":["GET"]}}],"collection":[{"href":"https:\/\/www.justineboutique.fr\/wp\/wp-json\/wp\/v2\/product"}],"about":[{"href":"https:\/\/www.justineboutique.fr\/wp\/wp-json\/wp\/v2\/types\/product"}],"wp:featuredmedia":[{"embeddable":true,"href":"https:\/\/www.justineboutique.fr\/wp\/wp-json\/wp\/v2\/media\/94429"}],"wp:attachment":[{"href":"https:\/\/www.justineboutique.fr\/wp\/wp-json\/wp\/v2\/media?parent=92562"}],"wp:term":[{"taxonomy":"product_brand","embeddable":true,"href":"https:\/\/www.justineboutique.fr\/wp\/wp-json\/wp\/v2\/product_brand?post=92562"},{"taxonomy":"product_cat","embeddable":true,"href":"https:\/\/www.justineboutique.fr\/wp\/wp-json\/wp\/v2\/product_cat?post=92562"},{"taxonomy":"product_tag","embeddable":true,"href":"https:\/\/www.justineboutique.fr\/wp\/wp-json\/wp\/v2\/product_tag?post=92562"}],"curies":[{"name":"wp","href":"https:\/\/api.w.org\/{rel}","templated":true}]}}