
{"id":92841,"date":"2026-01-20T19:00:15","date_gmt":"2026-01-20T18:00:15","guid":{"rendered":"https:\/\/www.justineboutique.fr\/wp\/?post_type=product&#038;p=92841"},"modified":"2026-04-04T17:00:14","modified_gmt":"2026-04-04T15:00:14","slug":"foulard-carre-fond-blanc","status":"publish","type":"product","link":"https:\/\/www.justineboutique.fr\/wp\/produit\/foulard-carre-fond-blanc\/","title":{"rendered":"Foulard carr\u00e9 fond blanc"},"content":{"rendered":"","protected":false},"excerpt":{"rendered":"<p>&nbsp;<\/p>\n<p data-start=\"160\" data-end=\"242\"><strong data-start=\"162\" data-end=\"196\">Notre foulard carr\u00e9 fond blanc<\/strong>, l\u2019accessoire id\u00e9al pour sublimer vos tenues.<\/p>\n<p data-start=\"160\" data-end=\"242\">&#8211; Motif imprim\u00e9 aux tons beige, camel et chocolat<br data-start=\"318\" data-end=\"321\" \/>&#8211; Mati\u00e8re douce et l\u00e9g\u00e8re<br data-start=\"344\" data-end=\"347\" \/>&#8211; Format carr\u00e9, facile \u00e0 nouer<br data-start=\"375\" data-end=\"378\" \/>&#8211; \u00c0 porter autour du cou, sur les \u00e9paules, dans les cheveux, ou attach\u00e9 \u00e0 un sac<\/p>\n<p data-start=\"439\" data-end=\"499\" data-is-last-node=\"\" data-is-only-node=\"\">Un indispensable intemporel pour toutes les saisons.<\/p>\n<p class=\"x_elementToProof\"><b data-olk-copy-source=\"MessageBody\">Dimensions :<\/b><\/p>\n<p>Carr\u00e9 68&#215;68 cm<\/p>\n<p class=\"x_elementToProof\"><b>Composition :<\/b><\/p>\n<p>100% viscose<\/p>\n<p class=\"x_elementToProof\"><b>Entretien :<\/b><\/p>\n<p>Lavage en machine<\/p>\n<p class=\"x_elementToProof\">\ud83d\ude9a<b>Livraison rapide et flexible<\/b><\/p>\n<p class=\"x_elementToProof\">Nous mettons tout en \u0153uvre pour vous livrer rapidement et en toute simplicit\u00e9.<\/p>\n<p class=\"x_elementToProof\">Profitez de la livraison offerte en point relais d\u00e8s 80\u20ac d\u2019achat<\/p>\n<p class=\"x_elementToProof\">\ud83d\udd04<b>Retours simplifi\u00e9s \u2013 100% s\u00e9r\u00e9nit\u00e9<\/b><\/p>\n<p class=\"x_elementToProof\">Vous avez\u00a0chang\u00e9 d\u2019avis ? Pas de souci !<\/p>\n<p class=\"x_elementToProof\">Vous disposez de 21 jours apr\u00e8s r\u00e9ception pour retourner un article contre remboursement<\/p>\n","protected":false},"featured_media":94053,"template":"","meta":{"_et_pb_use_builder":"","_et_pb_old_content":"","_et_gb_content_width":"","_exactmetrics_skip_tracking":false,"_exactmetrics_sitenote_active":false,"_exactmetrics_sitenote_note":"","_exactmetrics_sitenote_category":0},"product_brand":[],"product_cat":[21,124,169,120],"product_tag":[],"class_list":{"0":"post-92841","1":"product","2":"type-product","3":"status-publish","4":"has-post-thumbnail","6":"product_cat-accessoires","7":"product_cat-echarpe","8":"product_cat-nouveautes","9":"product_cat-voir-tout","10":"pif-has-gallery","12":"first","13":"instock","14":"taxable","15":"shipping-taxable","16":"purchasable","17":"product-type-variable"},"_links":{"self":[{"href":"https:\/\/www.justineboutique.fr\/wp\/wp-json\/wp\/v2\/product\/92841","targetHints":{"allow":["GET"]}}],"collection":[{"href":"https:\/\/www.justineboutique.fr\/wp\/wp-json\/wp\/v2\/product"}],"about":[{"href":"https:\/\/www.justineboutique.fr\/wp\/wp-json\/wp\/v2\/types\/product"}],"wp:featuredmedia":[{"embeddable":true,"href":"https:\/\/www.justineboutique.fr\/wp\/wp-json\/wp\/v2\/media\/94053"}],"wp:attachment":[{"href":"https:\/\/www.justineboutique.fr\/wp\/wp-json\/wp\/v2\/media?parent=92841"}],"wp:term":[{"taxonomy":"product_brand","embeddable":true,"href":"https:\/\/www.justineboutique.fr\/wp\/wp-json\/wp\/v2\/product_brand?post=92841"},{"taxonomy":"product_cat","embeddable":true,"href":"https:\/\/www.justineboutique.fr\/wp\/wp-json\/wp\/v2\/product_cat?post=92841"},{"taxonomy":"product_tag","embeddable":true,"href":"https:\/\/www.justineboutique.fr\/wp\/wp-json\/wp\/v2\/product_tag?post=92841"}],"curies":[{"name":"wp","href":"https:\/\/api.w.org\/{rel}","templated":true}]}}