
{"id":93360,"date":"2026-02-03T19:00:10","date_gmt":"2026-02-03T18:00:10","guid":{"rendered":"https:\/\/www.justineboutique.fr\/wp\/?post_type=product&#038;p=93360"},"modified":"2026-03-31T16:10:13","modified_gmt":"2026-03-31T14:10:13","slug":"blanche-chemise-brodee","status":"publish","type":"product","link":"https:\/\/www.justineboutique.fr\/wp\/produit\/blanche-chemise-brodee\/","title":{"rendered":"Blanche chemise brod\u00e9e"},"content":{"rendered":"","protected":false},"excerpt":{"rendered":"<p>&nbsp;<\/p>\n<p data-start=\"170\" data-end=\"272\">Notre chemise Blanche brod\u00e9e est une pi\u00e8ce d\u00e9licate et intemporelle, facile \u00e0 porter au quotidien.<\/p>\n<p data-start=\"170\" data-end=\"272\">\u2013 Broderies d\u00e9licates ton sur ton<br data-start=\"338\" data-end=\"341\" \/>\u2013 Coupe droite f\u00e9minine<br data-start=\"390\" data-end=\"393\" data-is-only-node=\"\" \/>\u2013 Boutonnage sur le devant<br data-start=\"419\" data-end=\"422\" \/>\u2013 D\u00e9tail de liens \u00e0 nouer au niveau de l\u2019encolure<br data-start=\"475\" data-end=\"478\" \/>\u2013 Manches longues avec poignets boutonn\u00e9s<br data-start=\"519\" data-end=\"522\" \/>\u2013 Coloris blanc lumineux, facile \u00e0 associer<\/p>\n<p>Une chemise \u00e9l\u00e9gante et douce, parfaite aussi bien avec un jean qu\u2019une tenue plus habill\u00e9e \u2728<\/p>\n<p><b data-olk-copy-source=\"MessageBody\">Taille :<\/b><\/p>\n<p><span data-olk-copy-source=\"MessageBody\">S\/36 M\/38 L\/40<\/span><\/p>\n<p>Choisissez votre taille habituelle<\/p>\n<p>Justine porte la taille S pour son 36<\/p>\n<p><b>Composition :<\/b><\/p>\n<p>100% coton<\/p>\n<p><b>Entretien :<\/b><\/p>\n<p>Lavage en machine, programme d\u00e9licat<\/p>\n<p>\ud83d\ude9a<b>Livraison rapide et flexible<\/b><\/p>\n<p>Nous mettons tout en \u0153uvre pour vous livrer rapidement et en toute simplicit\u00e9.<\/p>\n<p>Profitez de la livraison offerte en point relais d\u00e8s 80\u20ac d\u2019achat<\/p>\n<p>\ud83d\udd04<b>Retours simplifi\u00e9s \u2013 100% s\u00e9r\u00e9nit\u00e9<\/b><\/p>\n<p>Vous avez\u00a0chang\u00e9 d\u2019avis ? Pas de souci !<\/p>\n<p>Vous disposez de 21 jours apr\u00e8s r\u00e9ception pour retourner un article contre remboursement<\/p>\n","protected":false},"featured_media":93543,"template":"","meta":{"_et_pb_use_builder":"","_et_pb_old_content":"","_et_gb_content_width":"","_exactmetrics_skip_tracking":false,"_exactmetrics_sitenote_active":false,"_exactmetrics_sitenote_note":"","_exactmetrics_sitenote_category":0},"product_brand":[],"product_cat":[176,169,20,23,120],"product_tag":[],"class_list":{"0":"post-93360","1":"product","2":"type-product","3":"status-publish","4":"has-post-thumbnail","6":"product_cat-nos-hauts","7":"product_cat-nouveautes","8":"product_cat-pret-a-porter","9":"product_cat-tops-blouses","10":"product_cat-voir-tout","11":"pif-has-gallery","13":"first","14":"instock","15":"taxable","16":"shipping-taxable","17":"purchasable","18":"product-type-variable"},"_links":{"self":[{"href":"https:\/\/www.justineboutique.fr\/wp\/wp-json\/wp\/v2\/product\/93360","targetHints":{"allow":["GET"]}}],"collection":[{"href":"https:\/\/www.justineboutique.fr\/wp\/wp-json\/wp\/v2\/product"}],"about":[{"href":"https:\/\/www.justineboutique.fr\/wp\/wp-json\/wp\/v2\/types\/product"}],"wp:featuredmedia":[{"embeddable":true,"href":"https:\/\/www.justineboutique.fr\/wp\/wp-json\/wp\/v2\/media\/93543"}],"wp:attachment":[{"href":"https:\/\/www.justineboutique.fr\/wp\/wp-json\/wp\/v2\/media?parent=93360"}],"wp:term":[{"taxonomy":"product_brand","embeddable":true,"href":"https:\/\/www.justineboutique.fr\/wp\/wp-json\/wp\/v2\/product_brand?post=93360"},{"taxonomy":"product_cat","embeddable":true,"href":"https:\/\/www.justineboutique.fr\/wp\/wp-json\/wp\/v2\/product_cat?post=93360"},{"taxonomy":"product_tag","embeddable":true,"href":"https:\/\/www.justineboutique.fr\/wp\/wp-json\/wp\/v2\/product_tag?post=93360"}],"curies":[{"name":"wp","href":"https:\/\/api.w.org\/{rel}","templated":true}]}}