
{"id":93364,"date":"2026-02-03T19:00:10","date_gmt":"2026-02-03T18:00:10","guid":{"rendered":"https:\/\/www.justineboutique.fr\/wp\/?post_type=product&#038;p=93364"},"modified":"2026-04-23T17:20:10","modified_gmt":"2026-04-23T15:20:10","slug":"isaac-gilet-sherpa-ecru","status":"publish","type":"product","link":"https:\/\/www.justineboutique.fr\/wp\/produit\/isaac-gilet-sherpa-ecru\/","title":{"rendered":"Isaac gilet sherpa \u00e9cru"},"content":{"rendered":"","protected":false},"excerpt":{"rendered":"<p>&nbsp;<\/p>\n<p data-start=\"153\" data-end=\"250\">Notre gilet Isaac en sherpa \u00e9cru est la pi\u00e8ce id\u00e9ale pour r\u00e9chauffer un look tout en douceur.<\/p>\n<p data-start=\"252\" data-end=\"551\">\u2013 Mati\u00e8re sherpa toute douce et confortable<br data-start=\"299\" data-end=\"302\" \/>\u2013 Coupe droite facile \u00e0 superposer<br data-start=\"384\" data-end=\"387\" \/>\u2013 Fermeture par boutons sur le devant<br data-start=\"428\" data-end=\"431\" \/>\u2013 Coloris \u00e9cru, lumineux et facile \u00e0 associer<br data-start=\"480\" data-end=\"483\" \/>\u2013 Petit patch d\u00e9coratif sur la poitrine<\/p>\n<p>\u00c0 porter sur un pull, une robe ou un sweat pour un look cosy et tendance \ud83e\udd0d<\/p>\n<p><b data-olk-copy-source=\"MessageBody\">Taille :<\/b><\/p>\n<p><span data-olk-copy-source=\"MessageBody\">S\/M:36\/38 M\/L:38\/40 L\/XL:40\/42<\/span><\/p>\n<p>Choisissez votre taille habituelle<\/p>\n<p>Justine porte la taille S\/M pour son 36<\/p>\n<p><b>Composition :<\/b><\/p>\n<p>100% polyester<\/p>\n<p><b>Entretien :<\/b><\/p>\n<p>Lavage en machine \u00e0 30\u00b0 sur l&#8217;envers<\/p>\n<p>\ud83d\ude9a<b>Livraison rapide et flexible<\/b><\/p>\n<p>Nous mettons tout en \u0153uvre pour vous livrer rapidement et en toute simplicit\u00e9.<\/p>\n<p>Profitez de la livraison offerte en point relais d\u00e8s 80\u20ac d\u2019achat<\/p>\n<p>\ud83d\udd04<b>Retours simplifi\u00e9s \u2013 100% s\u00e9r\u00e9nit\u00e9<\/b><\/p>\n<p>Vous avez chang\u00e9 d\u2019avis ? Pas de souci !<\/p>\n<p>Vous disposez de 21 jours apr\u00e8s r\u00e9ception pour retourner un article contre remboursement<\/p>\n<div id=\"x_divRplyFwdMsg\">\n<p class=\"x_elementToProof\">\n<\/div>\n","protected":false},"featured_media":94522,"template":"","meta":{"_et_pb_use_builder":"","_et_pb_old_content":"","_et_gb_content_width":"","_exactmetrics_skip_tracking":false,"_exactmetrics_sitenote_active":false,"_exactmetrics_sitenote_note":"","_exactmetrics_sitenote_category":0},"product_brand":[],"product_cat":[176,169,20,24,27,120],"product_tag":[],"class_list":{"0":"post-93364","1":"product","2":"type-product","3":"status-publish","4":"has-post-thumbnail","6":"product_cat-nos-hauts","7":"product_cat-nouveautes","8":"product_cat-pret-a-porter","9":"product_cat-pulls-gilets","10":"product_cat-vestes-manteaux","11":"product_cat-voir-tout","12":"pif-has-gallery","14":"first","15":"instock","16":"taxable","17":"shipping-taxable","18":"purchasable","19":"product-type-variable"},"_links":{"self":[{"href":"https:\/\/www.justineboutique.fr\/wp\/wp-json\/wp\/v2\/product\/93364","targetHints":{"allow":["GET"]}}],"collection":[{"href":"https:\/\/www.justineboutique.fr\/wp\/wp-json\/wp\/v2\/product"}],"about":[{"href":"https:\/\/www.justineboutique.fr\/wp\/wp-json\/wp\/v2\/types\/product"}],"wp:featuredmedia":[{"embeddable":true,"href":"https:\/\/www.justineboutique.fr\/wp\/wp-json\/wp\/v2\/media\/94522"}],"wp:attachment":[{"href":"https:\/\/www.justineboutique.fr\/wp\/wp-json\/wp\/v2\/media?parent=93364"}],"wp:term":[{"taxonomy":"product_brand","embeddable":true,"href":"https:\/\/www.justineboutique.fr\/wp\/wp-json\/wp\/v2\/product_brand?post=93364"},{"taxonomy":"product_cat","embeddable":true,"href":"https:\/\/www.justineboutique.fr\/wp\/wp-json\/wp\/v2\/product_cat?post=93364"},{"taxonomy":"product_tag","embeddable":true,"href":"https:\/\/www.justineboutique.fr\/wp\/wp-json\/wp\/v2\/product_tag?post=93364"}],"curies":[{"name":"wp","href":"https:\/\/api.w.org\/{rel}","templated":true}]}}