
{"id":93374,"date":"2026-02-03T19:00:11","date_gmt":"2026-02-03T18:00:11","guid":{"rendered":"https:\/\/www.justineboutique.fr\/wp\/?post_type=product&#038;p=93374"},"modified":"2026-04-15T19:10:14","modified_gmt":"2026-04-15T17:10:14","slug":"herve-jean-gris-a-clous","status":"publish","type":"product","link":"https:\/\/www.justineboutique.fr\/wp\/produit\/herve-jean-gris-a-clous\/","title":{"rendered":"Herv\u00e9 jean gris \u00e0 clous"},"content":{"rendered":"","protected":false},"excerpt":{"rendered":"<p>&nbsp;<\/p>\n<p data-start=\"172\" data-end=\"293\">Notre jean Herv\u00e9 gris \u00e0 clous est une pi\u00e8ce forte qui apporte du caract\u00e8re \u00e0 un look tout en restant facile \u00e0 porter.<\/p>\n<p data-start=\"295\" data-end=\"555\">\u2013 Denim gris, intemporel<br data-start=\"326\" data-end=\"329\" \/>\u2013 Coupe droite l\u00e9g\u00e8rement \u00e9vas\u00e9e en bas<br data-start=\"368\" data-end=\"371\" \/>\u2013 Taille haute confortable<br data-start=\"397\" data-end=\"400\" \/>\u2013 D\u00e9tails <strong data-start=\"410\" data-end=\"431\" data-is-only-node=\"\">clous m\u00e9talliques<\/strong> le long des c\u00f4t\u00e9s et des poches<\/p>\n<p><b data-olk-copy-source=\"MessageBody\">Taille :<\/b><\/p>\n<p><span data-olk-copy-source=\"MessageBody\">XS\/34 S\/36 M\/38 L\/40 XL\/42<\/span><\/p>\n<p>Choisissez votre taille habituelle<\/p>\n<p>Justine porte la taille S pour son 36<\/p>\n<p><b>Composition :<\/b><\/p>\n<p>63% coton<\/p>\n<p>32% polyester<\/p>\n<p>2% viscose<\/p>\n<p>3% \u00e9lasthanne<\/p>\n<p><b>Entretien :<\/b><\/p>\n<p>Lavage en machine, programme d\u00e9licat sur l&#8217;envers<\/p>\n<p>\ud83d\ude9a<b>Livraison rapide et flexible<\/b><\/p>\n<p>Nous mettons tout en \u0153uvre pour vous livrer rapidement et en toute simplicit\u00e9.<\/p>\n<p>Profitez de la livraison offerte en point relais d\u00e8s 80\u20ac d\u2019achat<\/p>\n<p>\ud83d\udd04<b>Retours simplifi\u00e9s \u2013 100% s\u00e9r\u00e9nit\u00e9<\/b><\/p>\n<p>Vous avez\u00a0chang\u00e9 d\u2019avis ? Pas de souci !<\/p>\n<p>Vous disposez de 21 jours apr\u00e8s r\u00e9ception pour retourner un article contre remboursement<\/p>\n","protected":false},"featured_media":94612,"template":"","meta":{"_et_pb_use_builder":"","_et_pb_old_content":"","_et_gb_content_width":"","_exactmetrics_skip_tracking":false,"_exactmetrics_sitenote_active":false,"_exactmetrics_sitenote_note":"","_exactmetrics_sitenote_category":0},"product_brand":[],"product_cat":[185,26,169,20,120],"product_tag":[],"class_list":{"0":"post-93374","1":"product","2":"type-product","3":"status-publish","4":"has-post-thumbnail","6":"product_cat-bas","7":"product_cat-jeans-pantalon-shorts","8":"product_cat-nouveautes","9":"product_cat-pret-a-porter","10":"product_cat-voir-tout","11":"pif-has-gallery","13":"first","14":"instock","15":"taxable","16":"shipping-taxable","17":"purchasable","18":"product-type-variable"},"_links":{"self":[{"href":"https:\/\/www.justineboutique.fr\/wp\/wp-json\/wp\/v2\/product\/93374","targetHints":{"allow":["GET"]}}],"collection":[{"href":"https:\/\/www.justineboutique.fr\/wp\/wp-json\/wp\/v2\/product"}],"about":[{"href":"https:\/\/www.justineboutique.fr\/wp\/wp-json\/wp\/v2\/types\/product"}],"wp:featuredmedia":[{"embeddable":true,"href":"https:\/\/www.justineboutique.fr\/wp\/wp-json\/wp\/v2\/media\/94612"}],"wp:attachment":[{"href":"https:\/\/www.justineboutique.fr\/wp\/wp-json\/wp\/v2\/media?parent=93374"}],"wp:term":[{"taxonomy":"product_brand","embeddable":true,"href":"https:\/\/www.justineboutique.fr\/wp\/wp-json\/wp\/v2\/product_brand?post=93374"},{"taxonomy":"product_cat","embeddable":true,"href":"https:\/\/www.justineboutique.fr\/wp\/wp-json\/wp\/v2\/product_cat?post=93374"},{"taxonomy":"product_tag","embeddable":true,"href":"https:\/\/www.justineboutique.fr\/wp\/wp-json\/wp\/v2\/product_tag?post=93374"}],"curies":[{"name":"wp","href":"https:\/\/api.w.org\/{rel}","templated":true}]}}