
{"id":93672,"date":"2026-02-10T19:00:11","date_gmt":"2026-02-10T18:00:11","guid":{"rendered":"https:\/\/www.justineboutique.fr\/wp\/?post_type=product&#038;p=93672"},"modified":"2026-05-09T15:30:23","modified_gmt":"2026-05-09T13:30:23","slug":"nova-pull-framboise","status":"publish","type":"product","link":"https:\/\/www.justineboutique.fr\/wp\/produit\/nova-pull-framboise\/","title":{"rendered":"Nova pull framboise"},"content":{"rendered":"","protected":false},"excerpt":{"rendered":"<p>&nbsp;<\/p>\n<p data-start=\"128\" data-end=\"230\"><strong data-start=\"130\" data-end=\"228\">Notre pull Nova framboise illumine la silhouette avec sa maille douce et sa couleur \u00e9clatante.<\/strong><\/p>\n<ul data-start=\"232\" data-end=\"462\">\n<li data-start=\"232\" data-end=\"273\">\n<p data-start=\"234\" data-end=\"273\">Pull en <strong data-start=\"242\" data-end=\"271\">maille douce et moelleuse<\/strong><\/p>\n<\/li>\n<li data-start=\"274\" data-end=\"299\">\n<p data-start=\"276\" data-end=\"299\">Coloris <strong data-start=\"284\" data-end=\"297\">framboise<\/strong><\/p>\n<\/li>\n<li data-start=\"300\" data-end=\"328\">\n<p data-start=\"302\" data-end=\"328\">Coupe droite confortable<\/p>\n<\/li>\n<li data-start=\"372\" data-end=\"419\">\n<p data-start=\"374\" data-end=\"419\">En superposition avec notre blouse Aria (vendue s\u00e9par\u00e9ment)<\/p>\n<\/li>\n<li data-start=\"420\" data-end=\"462\">\n<p data-start=\"422\" data-end=\"462\">Mati\u00e8re agr\u00e9able \u00e0 porter au quotidien<\/p>\n<\/li>\n<\/ul>\n<p><b data-olk-copy-source=\"MessageBody\">Taille :<\/b><\/p>\n<p>XS\/34 S\/36 M\/38 L\/40 XL\/42<\/p>\n<p>Justine porte la taille S pour un 36<\/p>\n<p><b>Composition :<\/b><\/p>\n<p>59% polyester recycl\u00e9<\/p>\n<p>21% nylon<\/p>\n<p>11% polyester<\/p>\n<p>8% laine<\/p>\n<p>1% \u00e9lasthanne<\/p>\n<p><b>Entretien :<\/b><\/p>\n<p>Lavage en machine, programme d\u00e9licat sur l&#8217;envers<\/p>\n<p>\ud83d\ude9a<b>Livraison rapide et flexible<\/b><\/p>\n<p>Nous mettons tout en \u0153uvre pour vous livrer rapidement et en toute simplicit\u00e9.<\/p>\n<p>Profitez de la livraison offerte en point relais d\u00e8s 80\u20ac d\u2019achat<\/p>\n<p>\ud83d\udd04<b>Retours simplifi\u00e9s \u2013 100% s\u00e9r\u00e9nit\u00e9<\/b><\/p>\n<p>Vous avez\u00a0chang\u00e9 d\u2019avis ? Pas de souci !<\/p>\n<p>Vous disposez de 21 jours apr\u00e8s r\u00e9ception pour retourner un article contre remboursement<\/p>\n<p>&nbsp;<\/p>\n","protected":false},"featured_media":93872,"template":"","meta":{"_et_pb_use_builder":"","_et_pb_old_content":"","_et_gb_content_width":"","_exactmetrics_skip_tracking":false,"_exactmetrics_sitenote_active":false,"_exactmetrics_sitenote_note":"","_exactmetrics_sitenote_category":0},"product_brand":[],"product_cat":[176,20,165,24,120],"product_tag":[],"class_list":{"0":"post-93672","1":"product","2":"type-product","3":"status-publish","4":"has-post-thumbnail","6":"product_cat-nos-hauts","7":"product_cat-pret-a-porter","8":"product_cat-prix-doux","9":"product_cat-pulls-gilets","10":"product_cat-voir-tout","11":"pif-has-gallery","13":"first","14":"instock","15":"sale","16":"taxable","17":"shipping-taxable","18":"purchasable","19":"product-type-variable"},"_links":{"self":[{"href":"https:\/\/www.justineboutique.fr\/wp\/wp-json\/wp\/v2\/product\/93672","targetHints":{"allow":["GET"]}}],"collection":[{"href":"https:\/\/www.justineboutique.fr\/wp\/wp-json\/wp\/v2\/product"}],"about":[{"href":"https:\/\/www.justineboutique.fr\/wp\/wp-json\/wp\/v2\/types\/product"}],"wp:featuredmedia":[{"embeddable":true,"href":"https:\/\/www.justineboutique.fr\/wp\/wp-json\/wp\/v2\/media\/93872"}],"wp:attachment":[{"href":"https:\/\/www.justineboutique.fr\/wp\/wp-json\/wp\/v2\/media?parent=93672"}],"wp:term":[{"taxonomy":"product_brand","embeddable":true,"href":"https:\/\/www.justineboutique.fr\/wp\/wp-json\/wp\/v2\/product_brand?post=93672"},{"taxonomy":"product_cat","embeddable":true,"href":"https:\/\/www.justineboutique.fr\/wp\/wp-json\/wp\/v2\/product_cat?post=93672"},{"taxonomy":"product_tag","embeddable":true,"href":"https:\/\/www.justineboutique.fr\/wp\/wp-json\/wp\/v2\/product_tag?post=93672"}],"curies":[{"name":"wp","href":"https:\/\/api.w.org\/{rel}","templated":true}]}}