
{"id":94553,"date":"2026-03-10T19:00:10","date_gmt":"2026-03-10T18:00:10","guid":{"rendered":"https:\/\/www.justineboutique.fr\/wp\/?post_type=product&#038;p=94553"},"modified":"2026-04-16T12:40:10","modified_gmt":"2026-04-16T10:40:10","slug":"lexi-chemise-rayee","status":"publish","type":"product","link":"https:\/\/www.justineboutique.fr\/wp\/produit\/lexi-chemise-rayee\/","title":{"rendered":"Lexi chemise ray\u00e9e"},"content":{"rendered":"","protected":false},"excerpt":{"rendered":"<p>&nbsp;<\/p>\n<p data-start=\"0\" data-end=\"149\"><em>\u00c9l\u00e9gante et pleine de charme, notre chemise Lexi revisite la classique chemise ray\u00e9e <\/em><\/p>\n<p data-start=\"0\" data-end=\"149\"><em>avec de jolis d\u00e9tails f\u00e9minins qui font toute la diff\u00e9rence.<\/em><\/p>\n<ul data-start=\"151\" data-end=\"710\">\n<li data-section-id=\"n8w98e\" data-start=\"151\" data-end=\"242\">\n<p data-start=\"153\" data-end=\"242\">Imprim\u00e9 rayures bleu et \u00e9cru<\/p>\n<\/li>\n<li data-section-id=\"3n5wll\" data-start=\"243\" data-end=\"314\">\n<p data-start=\"245\" data-end=\"314\">Col montant l\u00e9g\u00e8rement volant\u00e9 qui apporte beaucoup de f\u00e9minit\u00e9<\/p>\n<\/li>\n<li data-section-id=\"1mn9er2\" data-start=\"315\" data-end=\"401\">\n<p data-start=\"317\" data-end=\"401\">Joli empi\u00e8cement en V avec fronces sur le devant<\/p>\n<\/li>\n<li data-section-id=\"1xbzxuq\" data-start=\"402\" data-end=\"459\">\n<p data-start=\"404\" data-end=\"459\">Boutonnage sur le devant<\/p>\n<\/li>\n<li data-section-id=\"1l0zlbb\" data-start=\"587\" data-end=\"652\">\n<p data-start=\"589\" data-end=\"652\">Coupe fluide facile \u00e0 glisser dans un pantalon ou un jean<\/p>\n<\/li>\n<\/ul>\n<p><b data-olk-copy-source=\"MessageBody\">Taille :<\/b><\/p>\n<p><span data-olk-copy-source=\"MessageBody\">S\/M:36\/38 et M\/L:40\/42<\/span><\/p>\n<p>Choisissez votre taille habituelle<\/p>\n<p>Justine porte la taille S\/M pour son 36<\/p>\n<p><b>Composition :<\/b><\/p>\n<p>50% coton<\/p>\n<p>50% polyester<\/p>\n<p><b>Entretien :<\/b><\/p>\n<p>Lavage en machine \u00e0 30\u00b0<\/p>\n<p>\ud83d\ude9a<b>Livraison rapide et flexible<\/b><\/p>\n<p>Nous mettons tout en \u0153uvre pour vous livrer rapidement et en toute simplicit\u00e9.<\/p>\n<p>Profitez de la livraison offerte en point relais d\u00e8s 80\u20ac d\u2019achat<\/p>\n<p>\ud83d\udd04<b>Retours simplifi\u00e9s \u2013 100% s\u00e9r\u00e9nit\u00e9<\/b><\/p>\n<p>Vous avez\u00a0chang\u00e9 d\u2019avis ? Pas de souci !<\/p>\n<p>Vous disposez de 21 jours apr\u00e8s r\u00e9ception pour retourner un article contre remboursement<\/p>\n","protected":false},"featured_media":94652,"template":"","meta":{"_et_pb_use_builder":"","_et_pb_old_content":"","_et_gb_content_width":"","_exactmetrics_skip_tracking":false,"_exactmetrics_sitenote_active":false,"_exactmetrics_sitenote_note":"","_exactmetrics_sitenote_category":0},"product_brand":[],"product_cat":[176,169,20,23,120],"product_tag":[],"class_list":{"0":"post-94553","1":"product","2":"type-product","3":"status-publish","4":"has-post-thumbnail","6":"product_cat-nos-hauts","7":"product_cat-nouveautes","8":"product_cat-pret-a-porter","9":"product_cat-tops-blouses","10":"product_cat-voir-tout","11":"pif-has-gallery","13":"first","14":"outofstock","15":"taxable","16":"shipping-taxable","17":"product-type-variable"},"_links":{"self":[{"href":"https:\/\/www.justineboutique.fr\/wp\/wp-json\/wp\/v2\/product\/94553","targetHints":{"allow":["GET"]}}],"collection":[{"href":"https:\/\/www.justineboutique.fr\/wp\/wp-json\/wp\/v2\/product"}],"about":[{"href":"https:\/\/www.justineboutique.fr\/wp\/wp-json\/wp\/v2\/types\/product"}],"wp:featuredmedia":[{"embeddable":true,"href":"https:\/\/www.justineboutique.fr\/wp\/wp-json\/wp\/v2\/media\/94652"}],"wp:attachment":[{"href":"https:\/\/www.justineboutique.fr\/wp\/wp-json\/wp\/v2\/media?parent=94553"}],"wp:term":[{"taxonomy":"product_brand","embeddable":true,"href":"https:\/\/www.justineboutique.fr\/wp\/wp-json\/wp\/v2\/product_brand?post=94553"},{"taxonomy":"product_cat","embeddable":true,"href":"https:\/\/www.justineboutique.fr\/wp\/wp-json\/wp\/v2\/product_cat?post=94553"},{"taxonomy":"product_tag","embeddable":true,"href":"https:\/\/www.justineboutique.fr\/wp\/wp-json\/wp\/v2\/product_tag?post=94553"}],"curies":[{"name":"wp","href":"https:\/\/api.w.org\/{rel}","templated":true}]}}