
{"id":94754,"date":"2026-03-17T19:00:11","date_gmt":"2026-03-17T18:00:11","guid":{"rendered":"https:\/\/www.justineboutique.fr\/wp\/?post_type=product&#038;p=94754"},"modified":"2026-04-10T17:20:11","modified_gmt":"2026-04-10T15:20:11","slug":"harry-sweat-raye-jaune-bleu","status":"publish","type":"product","link":"https:\/\/www.justineboutique.fr\/wp\/produit\/harry-sweat-raye-jaune-bleu\/","title":{"rendered":"Harry sweat ray\u00e9 jaune\/bleu"},"content":{"rendered":"","protected":false},"excerpt":{"rendered":"<p>&nbsp;<\/p>\n<p data-start=\"63\" data-end=\"209\">Une pi\u00e8ce pleine de fra\u00eecheur et de douceur<\/p>\n<p data-start=\"63\" data-end=\"209\">Notre sweat Harry mixe rayures pastel et col volant pour un look ultra f\u00e9minin<\/p>\n<ul data-start=\"211\" data-end=\"640\">\n<li data-section-id=\"xjpiht\" data-start=\"211\" data-end=\"256\">\n<p data-start=\"213\" data-end=\"256\">Sweat \u00e0 rayures bleu ciel et jaune pastel<\/p>\n<\/li>\n<li data-section-id=\"na7jew\" data-start=\"257\" data-end=\"309\">\n<p data-start=\"259\" data-end=\"309\">Coupe droite<\/p>\n<\/li>\n<li data-section-id=\"7c9u2a\" data-start=\"310\" data-end=\"361\">\n<p data-start=\"312\" data-end=\"361\">Mati\u00e8re douce et agr\u00e9able \u00e0 porter au quotidien<\/p>\n<\/li>\n<li data-section-id=\"zh5ht4\" data-start=\"362\" data-end=\"424\">\n<p data-start=\"364\" data-end=\"424\">Col chemise int\u00e9gr\u00e9 avec volant<\/p>\n<\/li>\n<li data-section-id=\"wr754h\" data-start=\"425\" data-end=\"484\">\n<p data-start=\"427\" data-end=\"484\">Patte de boutonnage sur le devant avec boutons assortis<\/p>\n<\/li>\n<li data-section-id=\"1csyau2\" data-start=\"485\" data-end=\"528\">\n<p data-start=\"487\" data-end=\"528\">Manches longues avec poignets resserr\u00e9s<\/p>\n<\/li>\n<li data-section-id=\"1hq1801\" data-start=\"529\" data-end=\"573\">\n<p data-start=\"531\" data-end=\"573\">Longueur id\u00e9ale \u00e0 porter rentr\u00e9 ou loose<\/p>\n<\/li>\n<\/ul>\n<p>On l\u2019adore port\u00e9 avec Pierre, notre jean blanc pour une silhouette lumineuse et de saison \ud83d\udc9b\ud83d\udc99<\/p>\n<p><b data-olk-copy-source=\"MessageBody\">Taille :<\/b><\/p>\n<p><span data-olk-copy-source=\"MessageBody\">S\/M:36\/38 et M\/L:38\/40<\/span><\/p>\n<p>Choisissez votre taille habituelle<\/p>\n<p>Justine porte la taille S\/M pour son 36<\/p>\n<p><b>Composition :<\/b><\/p>\n<p>95% coton<\/p>\n<p>5% \u00e9lasthanne<\/p>\n<p><b>Entretien :<\/b><\/p>\n<p>Lavage en machine \u00e0 30\u00b0<\/p>\n<p>\ud83d\ude9a<b>Livraison rapide et flexible<\/b><\/p>\n<p>Nous mettons tout en \u0153uvre pour vous livrer rapidement et en toute simplicit\u00e9.<\/p>\n<p>Profitez de la livraison offerte en point relais d\u00e8s 80\u20ac d\u2019achat<\/p>\n<p>\ud83d\udd04<b>Retours simplifi\u00e9s \u2013 100% s\u00e9r\u00e9nit\u00e9<\/b><\/p>\n<p>Vous avez\u00a0chang\u00e9 d\u2019avis ? Pas de souci !<\/p>\n<p>Vous disposez de 21 jours apr\u00e8s r\u00e9ception pour retourner un article contre remboursement<\/p>\n","protected":false},"featured_media":94920,"template":"","meta":{"_et_pb_use_builder":"","_et_pb_old_content":"","_et_gb_content_width":"","_exactmetrics_skip_tracking":false,"_exactmetrics_sitenote_active":false,"_exactmetrics_sitenote_note":"","_exactmetrics_sitenote_category":0},"product_brand":[],"product_cat":[176,169,20,24,120],"product_tag":[],"class_list":{"0":"post-94754","1":"product","2":"type-product","3":"status-publish","4":"has-post-thumbnail","6":"product_cat-nos-hauts","7":"product_cat-nouveautes","8":"product_cat-pret-a-porter","9":"product_cat-pulls-gilets","10":"product_cat-voir-tout","11":"pif-has-gallery","13":"first","14":"instock","15":"taxable","16":"shipping-taxable","17":"purchasable","18":"product-type-variable"},"_links":{"self":[{"href":"https:\/\/www.justineboutique.fr\/wp\/wp-json\/wp\/v2\/product\/94754","targetHints":{"allow":["GET"]}}],"collection":[{"href":"https:\/\/www.justineboutique.fr\/wp\/wp-json\/wp\/v2\/product"}],"about":[{"href":"https:\/\/www.justineboutique.fr\/wp\/wp-json\/wp\/v2\/types\/product"}],"wp:featuredmedia":[{"embeddable":true,"href":"https:\/\/www.justineboutique.fr\/wp\/wp-json\/wp\/v2\/media\/94920"}],"wp:attachment":[{"href":"https:\/\/www.justineboutique.fr\/wp\/wp-json\/wp\/v2\/media?parent=94754"}],"wp:term":[{"taxonomy":"product_brand","embeddable":true,"href":"https:\/\/www.justineboutique.fr\/wp\/wp-json\/wp\/v2\/product_brand?post=94754"},{"taxonomy":"product_cat","embeddable":true,"href":"https:\/\/www.justineboutique.fr\/wp\/wp-json\/wp\/v2\/product_cat?post=94754"},{"taxonomy":"product_tag","embeddable":true,"href":"https:\/\/www.justineboutique.fr\/wp\/wp-json\/wp\/v2\/product_tag?post=94754"}],"curies":[{"name":"wp","href":"https:\/\/api.w.org\/{rel}","templated":true}]}}