
{"id":94999,"date":"2026-03-24T19:00:10","date_gmt":"2026-03-24T18:00:10","guid":{"rendered":"https:\/\/www.justineboutique.fr\/wp\/?post_type=product&#038;p=94999"},"modified":"2026-04-07T16:03:37","modified_gmt":"2026-04-07T14:03:37","slug":"collier-multi-acier-dore","status":"publish","type":"product","link":"https:\/\/www.justineboutique.fr\/wp\/produit\/collier-multi-acier-dore\/","title":{"rendered":"Collier multi acier dor\u00e9"},"content":{"rendered":"","protected":false},"excerpt":{"rendered":"<p>&nbsp;<\/p>\n<p>Un bijou qui habille \u00e0 lui seul tout un look, avec ce jeu de cha\u00eenes dor\u00e9es ultra tendance \u2728<\/p>\n<p>\u2013 Notre collier multi-rangs en <strong data-start=\"127\" data-end=\"141\">acier dor\u00e9<\/strong><br data-start=\"141\" data-end=\"144\" \/>\u2013 Superposition de <strong data-start=\"163\" data-end=\"204\">plusieurs cha\u00eenes aux mailles vari\u00e9es<\/strong> pour un effet accumul\u00e9\u00a0<br data-start=\"239\" data-end=\"242\" \/>\u2013 Fermoir r\u00e9glable pour adapter la longueur selon vos envies<br data-start=\"302\" data-end=\"305\" \/>\u2013 L\u00e9ger et agr\u00e9able \u00e0 porter au quotidien<br data-start=\"346\" data-end=\"349\" \/>\u2013 Ne noircit pas, r\u00e9siste \u00e0 l\u2019eau<\/p>\n<p>Parfait pour sublimer un d\u00e9collet\u00e9 comme ici avec notre gilet Suzy fuchsia<\/p>\n<p data-olk-copy-source=\"MessageBody\">\ud83d\ude9a<b>Livraison rapide et flexible<\/b><\/p>\n<p>Nous mettons tout en \u0153uvre pour vous livrer rapidement et en toute simplicit\u00e9.<\/p>\n<p>Profitez de la livraison offerte en point relais d\u00e8s 80\u20ac d\u2019achat<\/p>\n<p>\ud83d\udd04<b>Retours simplifi\u00e9s \u2013 100% s\u00e9r\u00e9nit\u00e9<\/b><\/p>\n<p>Vous avez\u00a0chang\u00e9 d\u2019avis ? Pas de souci !<\/p>\n<p>Vous disposez de 21 jours apr\u00e8s r\u00e9ception pour retourner un article contre remboursement<\/p>\n","protected":false},"featured_media":95202,"template":"","meta":{"_et_pb_use_builder":"","_et_pb_old_content":"","_et_gb_content_width":"","_exactmetrics_skip_tracking":false,"_exactmetrics_sitenote_active":false,"_exactmetrics_sitenote_note":"","_exactmetrics_sitenote_category":0},"product_brand":[],"product_cat":[21,122,169,120],"product_tag":[],"class_list":{"0":"post-94999","1":"product","2":"type-product","3":"status-publish","4":"has-post-thumbnail","6":"product_cat-accessoires","7":"product_cat-colliers","8":"product_cat-nouveautes","9":"product_cat-voir-tout","10":"pif-has-gallery","12":"first","13":"instock","14":"taxable","15":"shipping-taxable","16":"purchasable","17":"product-type-variable"},"_links":{"self":[{"href":"https:\/\/www.justineboutique.fr\/wp\/wp-json\/wp\/v2\/product\/94999","targetHints":{"allow":["GET"]}}],"collection":[{"href":"https:\/\/www.justineboutique.fr\/wp\/wp-json\/wp\/v2\/product"}],"about":[{"href":"https:\/\/www.justineboutique.fr\/wp\/wp-json\/wp\/v2\/types\/product"}],"wp:featuredmedia":[{"embeddable":true,"href":"https:\/\/www.justineboutique.fr\/wp\/wp-json\/wp\/v2\/media\/95202"}],"wp:attachment":[{"href":"https:\/\/www.justineboutique.fr\/wp\/wp-json\/wp\/v2\/media?parent=94999"}],"wp:term":[{"taxonomy":"product_brand","embeddable":true,"href":"https:\/\/www.justineboutique.fr\/wp\/wp-json\/wp\/v2\/product_brand?post=94999"},{"taxonomy":"product_cat","embeddable":true,"href":"https:\/\/www.justineboutique.fr\/wp\/wp-json\/wp\/v2\/product_cat?post=94999"},{"taxonomy":"product_tag","embeddable":true,"href":"https:\/\/www.justineboutique.fr\/wp\/wp-json\/wp\/v2\/product_tag?post=94999"}],"curies":[{"name":"wp","href":"https:\/\/api.w.org\/{rel}","templated":true}]}}