
{"id":95308,"date":"2026-04-07T19:00:13","date_gmt":"2026-04-07T17:00:13","guid":{"rendered":"https:\/\/www.justineboutique.fr\/wp\/?post_type=product&#038;p=95308"},"modified":"2026-04-07T16:02:01","modified_gmt":"2026-04-07T14:02:01","slug":"loic-veste-sans-manches","status":"publish","type":"product","link":"https:\/\/www.justineboutique.fr\/wp\/produit\/loic-veste-sans-manches\/","title":{"rendered":"Loic veste sans manches"},"content":{"rendered":"","protected":false},"excerpt":{"rendered":"<p>&nbsp;<\/p>\n<p data-start=\"0\" data-end=\"155\"><em>Notre veste Lo\u00efc sans manches est la pi\u00e8ce parfaite pour structurer une silhouette<\/em><\/p>\n<ul data-start=\"157\" data-end=\"447\">\n<li data-start=\"237\" data-end=\"274\">\n<p data-start=\"239\" data-end=\"274\">Col tailleur pour une touche chic<\/p>\n<\/li>\n<li data-start=\"275\" data-end=\"312\">\n<p data-start=\"277\" data-end=\"312\">Fermeture par boutons ton sur ton<\/p>\n<\/li>\n<li data-start=\"313\" data-end=\"364\">\n<p data-start=\"315\" data-end=\"364\">Bas subtilement resserr\u00e9 pour un effet blousant<\/p>\n<\/li>\n<li data-start=\"365\" data-end=\"412\">\n<p data-start=\"367\" data-end=\"412\">Mati\u00e8re fluide et l\u00e9g\u00e8re, agr\u00e9able \u00e0 porter<\/p>\n<\/li>\n<li data-start=\"413\" data-end=\"447\">\n<p data-start=\"415\" data-end=\"447\">Coloris beige, doux et intemporel<\/p>\n<\/li>\n<\/ul>\n<p data-start=\"449\" data-end=\"651\"><em>On la porte en total look avec notre pantalon Lo\u00efc fluide olive pour une silhouette ultra habill\u00e9e!<\/em><\/p>\n<p><b data-olk-copy-source=\"MessageBody\">Taille :<\/b><\/p>\n<p><span data-olk-copy-source=\"MessageBody\">S\/34\/36 M\/38 L\/40\/42<\/span><\/p>\n<p>Choisissez votre taille habituelle<\/p>\n<p>Justine porte la taille S pour son 36<\/p>\n<p><b>Composition :<\/b><\/p>\n<p>60% rayon<\/p>\n<p>40% polyester<\/p>\n<p><b>Entretien :<\/b><\/p>\n<p>Lavage en machine \u00e0 30\u00b0 + d\u00e9froissage vapeur<\/p>\n<p>\ud83d\ude9a<b>Livraison rapide et flexible<\/b><\/p>\n<p>Nous mettons tout en \u0153uvre pour vous livrer rapidement et en toute simplicit\u00e9.<\/p>\n<p>Profitez de la livraison offerte en point relais d\u00e8s 80\u20ac d\u2019achat<\/p>\n<p>\ud83d\udd04<b>Retours simplifi\u00e9s \u2013 100% s\u00e9r\u00e9nit\u00e9<\/b><\/p>\n<p>Vous avez\u00a0chang\u00e9 d\u2019avis ? Pas de souci !<\/p>\n<p>Vous disposez de 21 jours apr\u00e8s r\u00e9ception pour retourner un article contre remboursement<\/p>\n","protected":false},"featured_media":95390,"template":"","meta":{"_et_pb_use_builder":"","_et_pb_old_content":"","_et_gb_content_width":"","_exactmetrics_skip_tracking":false,"_exactmetrics_sitenote_active":false,"_exactmetrics_sitenote_note":"","_exactmetrics_sitenote_category":0},"product_brand":[],"product_cat":[176,169,20,23,27,120],"product_tag":[],"class_list":{"0":"post-95308","1":"product","2":"type-product","3":"status-publish","4":"has-post-thumbnail","6":"product_cat-nos-hauts","7":"product_cat-nouveautes","8":"product_cat-pret-a-porter","9":"product_cat-tops-blouses","10":"product_cat-vestes-manteaux","11":"product_cat-voir-tout","12":"pif-has-gallery","14":"first","15":"instock","16":"featured","17":"taxable","18":"shipping-taxable","19":"purchasable","20":"product-type-variable"},"_links":{"self":[{"href":"https:\/\/www.justineboutique.fr\/wp\/wp-json\/wp\/v2\/product\/95308","targetHints":{"allow":["GET"]}}],"collection":[{"href":"https:\/\/www.justineboutique.fr\/wp\/wp-json\/wp\/v2\/product"}],"about":[{"href":"https:\/\/www.justineboutique.fr\/wp\/wp-json\/wp\/v2\/types\/product"}],"wp:featuredmedia":[{"embeddable":true,"href":"https:\/\/www.justineboutique.fr\/wp\/wp-json\/wp\/v2\/media\/95390"}],"wp:attachment":[{"href":"https:\/\/www.justineboutique.fr\/wp\/wp-json\/wp\/v2\/media?parent=95308"}],"wp:term":[{"taxonomy":"product_brand","embeddable":true,"href":"https:\/\/www.justineboutique.fr\/wp\/wp-json\/wp\/v2\/product_brand?post=95308"},{"taxonomy":"product_cat","embeddable":true,"href":"https:\/\/www.justineboutique.fr\/wp\/wp-json\/wp\/v2\/product_cat?post=95308"},{"taxonomy":"product_tag","embeddable":true,"href":"https:\/\/www.justineboutique.fr\/wp\/wp-json\/wp\/v2\/product_tag?post=95308"}],"curies":[{"name":"wp","href":"https:\/\/api.w.org\/{rel}","templated":true}]}}