
{"id":95320,"date":"2026-04-07T19:00:15","date_gmt":"2026-04-07T17:00:15","guid":{"rendered":"https:\/\/www.justineboutique.fr\/wp\/?post_type=product&#038;p=95320"},"modified":"2026-04-07T16:02:13","modified_gmt":"2026-04-07T14:02:13","slug":"amandine-robe-longue-vert-deau","status":"publish","type":"product","link":"https:\/\/www.justineboutique.fr\/wp\/produit\/amandine-robe-longue-vert-deau\/","title":{"rendered":"Amandine robe longue vert d&#8217;eau"},"content":{"rendered":"","protected":false},"excerpt":{"rendered":"<p>&nbsp;<\/p>\n<p data-start=\"0\" data-end=\"147\">Notre robe Amandine est la robe multifonction par excellence,<\/p>\n<p data-start=\"0\" data-end=\"147\">celle qu\u2019on adore autant pour une occasion que pour un look plus d\u00e9contract\u00e9 \ud83c\udf3f<\/p>\n<p data-start=\"149\" data-end=\"457\">\u2013 Coupe fluide et l\u00e9g\u00e8re, hyper agr\u00e9able \u00e0 porter<br data-start=\"198\" data-end=\"201\" \/>\u2013 D\u00e9collet\u00e9 en V f\u00e9minin et \u00e9l\u00e9gant<br data-start=\"236\" data-end=\"239\" \/>\u2013 Taille marqu\u00e9e avec d\u00e9tails de boutons sur le devant<br data-start=\"293\" data-end=\"296\" \/>\u2013 Manches longues l\u00e9g\u00e8rement bouffantes avec poignets resserr\u00e9s<br data-start=\"359\" data-end=\"362\" \/>\u2013 Doublure avec un joli jeu de transparence, avec fente au niveau de la jambe<br data-start=\"419\" data-end=\"422\" \/>\u2013 Dos smock\u00e9 pour plus de confort<\/p>\n<p data-start=\"459\" data-end=\"629\">C\u2019est la robe parfaite pour jouer sur les styles : port\u00e9e avec un nu-pied ou une sandale plate, elle devient id\u00e9ale pour vos soir\u00e9es d\u2019\u00e9t\u00e9 ou vos journ\u00e9es \u00e0 la plage<\/p>\n<p data-start=\"631\" data-end=\"760\" data-is-last-node=\"\" data-is-only-node=\"\">Et pour un look plus habill\u00e9, on adore l\u2019associer avec nos sandales Selena dor\u00e9es \u00e0 talons pour une allure \u00e9l\u00e9gante<\/p>\n<p><b data-olk-copy-source=\"MessageBody\">Taille :<\/b><\/p>\n<p>Taille unique<\/p>\n<p>Convient du 34 au petit 40<\/p>\n<p><b>Composition :<\/b><\/p>\n<p>100% polyester<\/p>\n<p>Fabrication Italienne<\/p>\n<p><b>Entretien :<\/b><\/p>\n<p>Lavage en machine \u00e0 30\u00b0, programme d\u00e9licat<\/p>\n<p>\ud83d\ude9a<b>Livraison rapide et flexible<\/b><\/p>\n<p>Nous mettons tout en \u0153uvre pour vous livrer rapidement et en toute simplicit\u00e9.<\/p>\n<p>Profitez de la livraison offerte en point relais d\u00e8s 80\u20ac d\u2019achat<\/p>\n<p>\ud83d\udd04<b>Retours simplifi\u00e9s \u2013 100% s\u00e9r\u00e9nit\u00e9<\/b><\/p>\n<p>Vous avez\u00a0chang\u00e9 d\u2019avis ? Pas de souci !<\/p>\n<p>Vous disposez de 21 jours apr\u00e8s r\u00e9ception pour retourner un article contre remboursement<\/p>\n","protected":false},"featured_media":95439,"template":"","meta":{"_et_pb_use_builder":"","_et_pb_old_content":"","_et_gb_content_width":"","_exactmetrics_skip_tracking":false,"_exactmetrics_sitenote_active":false,"_exactmetrics_sitenote_note":"","_exactmetrics_sitenote_category":0},"product_brand":[],"product_cat":[169,20,25,120],"product_tag":[],"class_list":{"0":"post-95320","1":"product","2":"type-product","3":"status-publish","4":"has-post-thumbnail","6":"product_cat-nouveautes","7":"product_cat-pret-a-porter","8":"product_cat-robes-jupes","9":"product_cat-voir-tout","10":"pif-has-gallery","12":"first","13":"instock","14":"featured","15":"taxable","16":"shipping-taxable","17":"purchasable","18":"product-type-variable"},"_links":{"self":[{"href":"https:\/\/www.justineboutique.fr\/wp\/wp-json\/wp\/v2\/product\/95320","targetHints":{"allow":["GET"]}}],"collection":[{"href":"https:\/\/www.justineboutique.fr\/wp\/wp-json\/wp\/v2\/product"}],"about":[{"href":"https:\/\/www.justineboutique.fr\/wp\/wp-json\/wp\/v2\/types\/product"}],"wp:featuredmedia":[{"embeddable":true,"href":"https:\/\/www.justineboutique.fr\/wp\/wp-json\/wp\/v2\/media\/95439"}],"wp:attachment":[{"href":"https:\/\/www.justineboutique.fr\/wp\/wp-json\/wp\/v2\/media?parent=95320"}],"wp:term":[{"taxonomy":"product_brand","embeddable":true,"href":"https:\/\/www.justineboutique.fr\/wp\/wp-json\/wp\/v2\/product_brand?post=95320"},{"taxonomy":"product_cat","embeddable":true,"href":"https:\/\/www.justineboutique.fr\/wp\/wp-json\/wp\/v2\/product_cat?post=95320"},{"taxonomy":"product_tag","embeddable":true,"href":"https:\/\/www.justineboutique.fr\/wp\/wp-json\/wp\/v2\/product_tag?post=95320"}],"curies":[{"name":"wp","href":"https:\/\/api.w.org\/{rel}","templated":true}]}}