
{"id":95726,"date":"2026-04-21T19:00:10","date_gmt":"2026-04-21T17:00:10","guid":{"rendered":"https:\/\/www.justineboutique.fr\/wp\/?post_type=product&#038;p=95726"},"modified":"2026-04-24T17:20:09","modified_gmt":"2026-04-24T15:20:09","slug":"artus-ensemble-terracotta","status":"publish","type":"product","link":"https:\/\/www.justineboutique.fr\/wp\/produit\/artus-ensemble-terracotta\/","title":{"rendered":"Artus ensemble terracotta"},"content":{"rendered":"","protected":false},"excerpt":{"rendered":"<div><\/div>\n<div>\n<p data-start=\"0\" data-end=\"88\">.<\/p>\n<p data-start=\"0\" data-end=\"88\">Notre ensemble Artus est la tenue parfaite pour un look chic et f\u00e9minin<\/p>\n<p data-start=\"90\" data-end=\"488\">\u2013 Ensemble 2 pi\u00e8ces : top + pantalon<br data-start=\"126\" data-end=\"129\" \/>\u2013 Coloris terracotta lumineux, id\u00e9al pour la saison<br data-start=\"180\" data-end=\"183\" data-is-only-node=\"\" \/>\u2013 Top structur\u00e9 avec fines bretelles r\u00e9glables, orn\u00e9es de perles noires et dor\u00e9es\u00a0<br data-start=\"255\" data-end=\"258\" \/>\u2013 Jolis boutons bijoux d\u00e9pareill\u00e9s pour une touche originale<br data-start=\"366\" data-end=\"369\" \/>\u2013 Pantalon fluide et confortable<br data-start=\"401\" data-end=\"404\" \/>\u2013 Taille \u00e9lastique avec lien de serrage<\/p>\n<p data-start=\"90\" data-end=\"488\"><b data-olk-copy-source=\"MessageBody\">Taille :<\/b><\/p>\n<p data-start=\"90\" data-end=\"488\"><span data-olk-copy-source=\"MessageBody\">S\/36 M\/38 L\/40<\/span><\/p>\n<p data-start=\"90\" data-end=\"488\">Choisissez votre taille habituelle<\/p>\n<p data-start=\"90\" data-end=\"488\">Justine porte la taille S pour son 36<\/p>\n<p data-start=\"90\" data-end=\"488\"><b>Composition :<\/b><\/p>\n<p data-start=\"90\" data-end=\"488\">70% viscose<\/p>\n<p data-start=\"90\" data-end=\"488\">30% lin<\/p>\n<p data-start=\"90\" data-end=\"488\"><b>Entretien :<\/b><\/p>\n<p data-start=\"90\" data-end=\"488\">Lavage en machine \u00e0 30\u00b0<\/p>\n<p data-start=\"90\" data-end=\"488\">\ud83d\ude9a<b>Livraison rapide et flexible<\/b><\/p>\n<p data-start=\"90\" data-end=\"488\">Nous mettons tout en \u0153uvre pour vous livrer rapidement et en toute simplicit\u00e9.<\/p>\n<p data-start=\"90\" data-end=\"488\">Profitez de la livraison offerte en point relais d\u00e8s 80\u20ac d\u2019achat<\/p>\n<p data-start=\"90\" data-end=\"488\">\ud83d\udd04<b>Retours simplifi\u00e9s \u2013 100% s\u00e9r\u00e9nit\u00e9<\/b><\/p>\n<p data-start=\"90\" data-end=\"488\">Vous avez chang\u00e9 d\u2019avis ? Pas de souci !<\/p>\n<p data-start=\"90\" data-end=\"488\">Vous disposez de 21 jours apr\u00e8s r\u00e9ception pour retourner un article contre remboursement<\/p>\n<\/div>\n","protected":false},"featured_media":95797,"template":"","meta":{"_et_pb_use_builder":"","_et_pb_old_content":"","_et_gb_content_width":"","_exactmetrics_skip_tracking":false,"_exactmetrics_sitenote_active":false,"_exactmetrics_sitenote_note":"","_exactmetrics_sitenote_category":0},"product_brand":[],"product_cat":[185,26,169,20,120],"product_tag":[],"class_list":{"0":"post-95726","1":"product","2":"type-product","3":"status-publish","4":"has-post-thumbnail","6":"product_cat-bas","7":"product_cat-jeans-pantalon-shorts","8":"product_cat-nouveautes","9":"product_cat-pret-a-porter","10":"product_cat-voir-tout","11":"pif-has-gallery","13":"first","14":"instock","15":"featured","16":"taxable","17":"shipping-taxable","18":"purchasable","19":"product-type-variable"},"_links":{"self":[{"href":"https:\/\/www.justineboutique.fr\/wp\/wp-json\/wp\/v2\/product\/95726","targetHints":{"allow":["GET"]}}],"collection":[{"href":"https:\/\/www.justineboutique.fr\/wp\/wp-json\/wp\/v2\/product"}],"about":[{"href":"https:\/\/www.justineboutique.fr\/wp\/wp-json\/wp\/v2\/types\/product"}],"wp:featuredmedia":[{"embeddable":true,"href":"https:\/\/www.justineboutique.fr\/wp\/wp-json\/wp\/v2\/media\/95797"}],"wp:attachment":[{"href":"https:\/\/www.justineboutique.fr\/wp\/wp-json\/wp\/v2\/media?parent=95726"}],"wp:term":[{"taxonomy":"product_brand","embeddable":true,"href":"https:\/\/www.justineboutique.fr\/wp\/wp-json\/wp\/v2\/product_brand?post=95726"},{"taxonomy":"product_cat","embeddable":true,"href":"https:\/\/www.justineboutique.fr\/wp\/wp-json\/wp\/v2\/product_cat?post=95726"},{"taxonomy":"product_tag","embeddable":true,"href":"https:\/\/www.justineboutique.fr\/wp\/wp-json\/wp\/v2\/product_tag?post=95726"}],"curies":[{"name":"wp","href":"https:\/\/api.w.org\/{rel}","templated":true}]}}