
{"id":95787,"date":"2026-04-21T19:00:08","date_gmt":"2026-04-21T17:00:08","guid":{"rendered":"https:\/\/www.justineboutique.fr\/wp\/?post_type=product&#038;p=95787"},"modified":"2026-04-25T18:00:09","modified_gmt":"2026-04-25T16:00:09","slug":"alan-sweat-bleu","status":"publish","type":"product","link":"https:\/\/www.justineboutique.fr\/wp\/produit\/alan-sweat-bleu\/","title":{"rendered":"Alan sweat bleu"},"content":{"rendered":"","protected":false},"excerpt":{"rendered":"<p>&nbsp;<\/p>\n<p data-start=\"0\" data-end=\"112\">Notre sweat Alan bleu est la pi\u00e8ce parfaite pour r\u00e9veiller un look avec une touche de couleur ultra moderne \ud83d\udc99<\/p>\n<p data-start=\"114\" data-end=\"448\">\u2013 Sweat bleu intense, lumineux et facile \u00e0 associer<br data-start=\"165\" data-end=\"168\" \/>\u2013 Coupe l\u00e9g\u00e8rement loose pour un tomb\u00e9 confortable<br data-start=\"263\" data-end=\"266\" \/>\u2013 Manches longues avec poignets resserr\u00e9s pour une jolie structure<br data-start=\"332\" data-end=\"335\" \/>\u2013 Base l\u00e9g\u00e8rement resserr\u00e9e pour un effet blousant tendance<\/p>\n<p data-start=\"114\" data-end=\"448\"><b data-olk-copy-source=\"MessageBody\">Taille :<\/b><\/p>\n<p data-start=\"114\" data-end=\"448\">Taille unique<\/p>\n<p data-start=\"114\" data-end=\"448\">Convient du 34 au 40<\/p>\n<p data-start=\"114\" data-end=\"448\"><b>Composition :<\/b><\/p>\n<p data-start=\"114\" data-end=\"448\">100% coton<\/p>\n<p data-start=\"114\" data-end=\"448\"><b>Entretien :<\/b><\/p>\n<p data-start=\"114\" data-end=\"448\">Lavage en machine \u00e0 30\u00b0 sur l&#8217;envers<\/p>\n<p data-start=\"114\" data-end=\"448\">\ud83d\ude9a<b>Livraison rapide et flexible<\/b><\/p>\n<p data-start=\"114\" data-end=\"448\">Nous mettons tout en \u0153uvre pour vous livrer rapidement et en toute simplicit\u00e9.<\/p>\n<p data-start=\"114\" data-end=\"448\">Profitez de la livraison offerte en point relais d\u00e8s 80\u20ac d\u2019achat<\/p>\n<p data-start=\"114\" data-end=\"448\">\ud83d\udd04<b>Retours simplifi\u00e9s \u2013 100% s\u00e9r\u00e9nit\u00e9<\/b><\/p>\n<p data-start=\"114\" data-end=\"448\">Vous avez\u00a0chang\u00e9 d\u2019avis ? Pas de souci !<\/p>\n<p data-start=\"114\" data-end=\"448\">Vous disposez de 21 jours apr\u00e8s r\u00e9ception pour retourner un article contre remboursement<\/p>\n","protected":false},"featured_media":95864,"template":"","meta":{"_et_pb_use_builder":"","_et_pb_old_content":"","_et_gb_content_width":"","_exactmetrics_skip_tracking":false,"_exactmetrics_sitenote_active":false,"_exactmetrics_sitenote_note":"","_exactmetrics_sitenote_category":0},"product_brand":[],"product_cat":[176,169,20,24,120],"product_tag":[],"class_list":{"0":"post-95787","1":"product","2":"type-product","3":"status-publish","4":"has-post-thumbnail","6":"product_cat-nos-hauts","7":"product_cat-nouveautes","8":"product_cat-pret-a-porter","9":"product_cat-pulls-gilets","10":"product_cat-voir-tout","11":"pif-has-gallery","13":"first","14":"instock","15":"featured","16":"taxable","17":"shipping-taxable","18":"purchasable","19":"product-type-variable"},"_links":{"self":[{"href":"https:\/\/www.justineboutique.fr\/wp\/wp-json\/wp\/v2\/product\/95787","targetHints":{"allow":["GET"]}}],"collection":[{"href":"https:\/\/www.justineboutique.fr\/wp\/wp-json\/wp\/v2\/product"}],"about":[{"href":"https:\/\/www.justineboutique.fr\/wp\/wp-json\/wp\/v2\/types\/product"}],"wp:featuredmedia":[{"embeddable":true,"href":"https:\/\/www.justineboutique.fr\/wp\/wp-json\/wp\/v2\/media\/95864"}],"wp:attachment":[{"href":"https:\/\/www.justineboutique.fr\/wp\/wp-json\/wp\/v2\/media?parent=95787"}],"wp:term":[{"taxonomy":"product_brand","embeddable":true,"href":"https:\/\/www.justineboutique.fr\/wp\/wp-json\/wp\/v2\/product_brand?post=95787"},{"taxonomy":"product_cat","embeddable":true,"href":"https:\/\/www.justineboutique.fr\/wp\/wp-json\/wp\/v2\/product_cat?post=95787"},{"taxonomy":"product_tag","embeddable":true,"href":"https:\/\/www.justineboutique.fr\/wp\/wp-json\/wp\/v2\/product_tag?post=95787"}],"curies":[{"name":"wp","href":"https:\/\/api.w.org\/{rel}","templated":true}]}}