
{"id":95929,"date":"2026-04-28T19:00:09","date_gmt":"2026-04-28T17:00:09","guid":{"rendered":"https:\/\/www.justineboutique.fr\/wp\/?post_type=product&#038;p=95929"},"modified":"2026-04-28T11:24:52","modified_gmt":"2026-04-28T09:24:52","slug":"tassa-tee-shirt-ajoure-blanc","status":"publish","type":"product","link":"https:\/\/www.justineboutique.fr\/wp\/produit\/tassa-tee-shirt-ajoure-blanc\/","title":{"rendered":"Tassa tee shirt ajour\u00e9 blanc"},"content":{"rendered":"","protected":false},"excerpt":{"rendered":"<p>&nbsp;<\/p>\n<p data-start=\"84\" data-end=\"203\">Un tee-shirt tout en d\u00e9licatesse avec sa jolie broderie ajour\u00e9e,<\/p>\n<p data-start=\"84\" data-end=\"203\">parfait pour illuminer vos looks d\u2019\u00e9t\u00e9 avec \u00e9l\u00e9gance \u2728<\/p>\n<p data-start=\"205\" data-end=\"498\">\u27a4 Tee-shirt coupe droite<br data-start=\"229\" data-end=\"232\" \/>\u27a4 Col V f\u00e9minin<br data-start=\"288\" data-end=\"291\" \/>\u27a4 Broderie ajour\u00e9e esprit broderie anglaise<br data-start=\"334\" data-end=\"337\" data-is-only-node=\"\" \/>\u27a4 Doubl\u00e9 \u00e0 l\u2019avant pour \u00e9viter toute transparence<br data-start=\"434\" data-end=\"437\" \/>\u27a4 Mati\u00e8re douce et agr\u00e9able \u00e0 porter<\/p>\n<p data-start=\"205\" data-end=\"498\">\ud83e\udd0d On adore son c\u00f4t\u00e9 raffin\u00e9 et facile \u00e0 associer, aussi beau avec un short qu\u2019avec un jean<\/p>\n<p data-start=\"205\" data-end=\"498\"><b data-olk-copy-source=\"MessageBody\">Taille :<\/b><\/p>\n<p><span data-olk-copy-source=\"MessageBody\">XS\/34 S\/36 M\/38 L\/40 XL\/42<\/span><\/p>\n<p>Choisissez votre taille habituelle<\/p>\n<p>Justine porte la taille S pour son 36<\/p>\n<p><b>Composition :<\/b><\/p>\n<p>95% polyester<\/p>\n<p>5% \u00e9lasthanne<\/p>\n<p><b>Entretien :<\/b><\/p>\n<p>Lavage en machine, dans un filet<\/p>\n<p>\ud83d\ude9a<b>Livraison rapide et flexible<\/b><\/p>\n<p>Nous mettons tout en \u0153uvre pour vous livrer rapidement et en toute simplicit\u00e9.<\/p>\n<p>Profitez de la livraison offerte en point relais d\u00e8s 80\u20ac d\u2019achat<\/p>\n<p>\ud83d\udd04<b>Retours simplifi\u00e9s \u2013 100% s\u00e9r\u00e9nit\u00e9<\/b><\/p>\n<p>Vous avez\u00a0chang\u00e9 d\u2019avis ? Pas de souci !<\/p>\n<p>Vous disposez de 21 jours apr\u00e8s r\u00e9ception pour retourner un article contre remboursement<\/p>\n<p>&nbsp;<\/p>\n","protected":false},"featured_media":96079,"template":"","meta":{"_et_pb_use_builder":"","_et_pb_old_content":"","_et_gb_content_width":"","_exactmetrics_skip_tracking":false,"_exactmetrics_sitenote_active":false,"_exactmetrics_sitenote_note":"","_exactmetrics_sitenote_category":0},"product_brand":[],"product_cat":[176,169,20,23,120],"product_tag":[],"class_list":{"0":"post-95929","1":"product","2":"type-product","3":"status-publish","4":"has-post-thumbnail","6":"product_cat-nos-hauts","7":"product_cat-nouveautes","8":"product_cat-pret-a-porter","9":"product_cat-tops-blouses","10":"product_cat-voir-tout","11":"pif-has-gallery","13":"first","14":"instock","15":"featured","16":"taxable","17":"shipping-taxable","18":"purchasable","19":"product-type-variable"},"_links":{"self":[{"href":"https:\/\/www.justineboutique.fr\/wp\/wp-json\/wp\/v2\/product\/95929","targetHints":{"allow":["GET"]}}],"collection":[{"href":"https:\/\/www.justineboutique.fr\/wp\/wp-json\/wp\/v2\/product"}],"about":[{"href":"https:\/\/www.justineboutique.fr\/wp\/wp-json\/wp\/v2\/types\/product"}],"wp:featuredmedia":[{"embeddable":true,"href":"https:\/\/www.justineboutique.fr\/wp\/wp-json\/wp\/v2\/media\/96079"}],"wp:attachment":[{"href":"https:\/\/www.justineboutique.fr\/wp\/wp-json\/wp\/v2\/media?parent=95929"}],"wp:term":[{"taxonomy":"product_brand","embeddable":true,"href":"https:\/\/www.justineboutique.fr\/wp\/wp-json\/wp\/v2\/product_brand?post=95929"},{"taxonomy":"product_cat","embeddable":true,"href":"https:\/\/www.justineboutique.fr\/wp\/wp-json\/wp\/v2\/product_cat?post=95929"},{"taxonomy":"product_tag","embeddable":true,"href":"https:\/\/www.justineboutique.fr\/wp\/wp-json\/wp\/v2\/product_tag?post=95929"}],"curies":[{"name":"wp","href":"https:\/\/api.w.org\/{rel}","templated":true}]}}