
{"id":96212,"date":"2026-05-12T19:00:22","date_gmt":"2026-05-12T17:00:22","guid":{"rendered":"https:\/\/www.justineboutique.fr\/wp\/?post_type=product&#038;p=96212"},"modified":"2026-05-12T20:00:16","modified_gmt":"2026-05-12T18:00:16","slug":"margaux-blouse-jaune","status":"publish","type":"product","link":"https:\/\/www.justineboutique.fr\/wp\/produit\/margaux-blouse-jaune\/","title":{"rendered":"Margaux blouse jaune"},"content":{"rendered":"","protected":false},"excerpt":{"rendered":"<p>&nbsp;<\/p>\n<p data-start=\"0\" data-end=\"207\">Notre blouse Margaux apporte une vraie touche lumineuse aux looks d\u2019\u00e9t\u00e9<\/p>\n<p data-start=\"0\" data-end=\"207\">Une pi\u00e8ce fluide et l\u00e9g\u00e8re qui donne instantan\u00e9ment bonne mine !<\/p>\n<ul data-start=\"209\" data-end=\"554\">\n<li data-section-id=\"14rb2z3\" data-start=\"281\" data-end=\"296\">Col volant\u00e9<\/li>\n<li data-section-id=\"1c7wpf0\" data-start=\"297\" data-end=\"315\">D\u00e9collet\u00e9 en V<\/li>\n<li data-section-id=\"14bcejg\" data-start=\"316\" data-end=\"360\">Fermeture boutons recouverts sur l\u2019avant<\/li>\n<li data-section-id=\"14ikknf\" data-start=\"386\" data-end=\"416\">Manches longues bouffantes<\/li>\n<li data-section-id=\"89irbe\" data-start=\"417\" data-end=\"452\">D\u00e9tails volants sur les manches<\/li>\n<li data-section-id=\"6nqzj5\" data-start=\"453\" data-end=\"476\">Poignets \u00e9lastiqu\u00e9s<\/li>\n<\/ul>\n<p data-start=\"556\" data-end=\"644\">\u00c0 porter avec notre bermuda en jean Martin pour un look frais et f\u00e9minin au quotidien \u2600\ufe0f<\/p>\n<p><b data-olk-copy-source=\"MessageBody\">Taille :<\/b><\/p>\n<p><span data-olk-copy-source=\"MessageBody\">S\/M:36\/38 et M\/L:40\/42<\/span><\/p>\n<p>Choisissez votre taille habituelle<\/p>\n<p>Justine porte la taille S\/M pour son 36<\/p>\n<p><b>Composition :<\/b><\/p>\n<p>81% viscose<\/p>\n<p>19% polyester<\/p>\n<p><b>Entretien :<\/b><\/p>\n<p>Lavage \u00e0 la main conseill\u00e9<\/p>\n<p>\ud83d\ude9a<b>Livraison rapide et flexible<\/b><\/p>\n<p>Nous mettons tout en \u0153uvre pour vous livrer rapidement et en toute simplicit\u00e9.<\/p>\n<p>Profitez de la livraison offerte en point relais d\u00e8s 80\u20ac d\u2019achat<\/p>\n<p>\ud83d\udd04<b>Retours simplifi\u00e9s \u2013 100% s\u00e9r\u00e9nit\u00e9<\/b><\/p>\n<p>Vous avez\u00a0chang\u00e9 d\u2019avis ? Pas de souci !<\/p>\n<p>Vous disposez de 21 jours apr\u00e8s r\u00e9ception pour retourner un article contre remboursement<\/p>\n","protected":false},"featured_media":96313,"template":"","meta":{"_et_pb_use_builder":"","_et_pb_old_content":"","_et_gb_content_width":"","_exactmetrics_skip_tracking":false,"_exactmetrics_sitenote_active":false,"_exactmetrics_sitenote_note":"","_exactmetrics_sitenote_category":0},"product_brand":[],"product_cat":[176,169,20,23,120],"product_tag":[],"class_list":{"0":"post-96212","1":"product","2":"type-product","3":"status-publish","4":"has-post-thumbnail","6":"product_cat-nos-hauts","7":"product_cat-nouveautes","8":"product_cat-pret-a-porter","9":"product_cat-tops-blouses","10":"product_cat-voir-tout","11":"pif-has-gallery","13":"first","14":"instock","15":"featured","16":"taxable","17":"shipping-taxable","18":"purchasable","19":"product-type-variable"},"_links":{"self":[{"href":"https:\/\/www.justineboutique.fr\/wp\/wp-json\/wp\/v2\/product\/96212","targetHints":{"allow":["GET"]}}],"collection":[{"href":"https:\/\/www.justineboutique.fr\/wp\/wp-json\/wp\/v2\/product"}],"about":[{"href":"https:\/\/www.justineboutique.fr\/wp\/wp-json\/wp\/v2\/types\/product"}],"wp:featuredmedia":[{"embeddable":true,"href":"https:\/\/www.justineboutique.fr\/wp\/wp-json\/wp\/v2\/media\/96313"}],"wp:attachment":[{"href":"https:\/\/www.justineboutique.fr\/wp\/wp-json\/wp\/v2\/media?parent=96212"}],"wp:term":[{"taxonomy":"product_brand","embeddable":true,"href":"https:\/\/www.justineboutique.fr\/wp\/wp-json\/wp\/v2\/product_brand?post=96212"},{"taxonomy":"product_cat","embeddable":true,"href":"https:\/\/www.justineboutique.fr\/wp\/wp-json\/wp\/v2\/product_cat?post=96212"},{"taxonomy":"product_tag","embeddable":true,"href":"https:\/\/www.justineboutique.fr\/wp\/wp-json\/wp\/v2\/product_tag?post=96212"}],"curies":[{"name":"wp","href":"https:\/\/api.w.org\/{rel}","templated":true}]}}