
{"id":96246,"date":"2026-05-12T19:00:16","date_gmt":"2026-05-12T17:00:16","guid":{"rendered":"https:\/\/www.justineboutique.fr\/wp\/?post_type=product&#038;p=96246"},"modified":"2026-05-12T11:30:48","modified_gmt":"2026-05-12T09:30:48","slug":"bat-top-couleur-chair","status":"publish","type":"product","link":"https:\/\/www.justineboutique.fr\/wp\/produit\/bat-top-couleur-chair\/","title":{"rendered":"Bat top couleur chair"},"content":{"rendered":"","protected":false},"excerpt":{"rendered":"<p>&nbsp;<\/p>\n<p data-start=\"0\" data-end=\"209\">Notre top Bat couleur chair est l\u2019indispensable \u00e0 avoir dans son dressing \ud83e\udd0d<\/p>\n<p data-start=\"0\" data-end=\"209\">Parfait \u00e0 porter sous vos hauts l\u00e9g\u00e8rement transparents ou ajour\u00e9s, il reste discret tout en \u00e9tant ultra confortable<\/p>\n<ul data-start=\"211\" data-end=\"483\">\n<li data-section-id=\"1238vs8\" data-start=\"249\" data-end=\"271\">Effet seconde peau<\/li>\n<li data-section-id=\"1az994s\" data-start=\"272\" data-end=\"303\">Mati\u00e8re douce et extensible<\/li>\n<li data-section-id=\"xc93x5\" data-start=\"348\" data-end=\"383\">D\u00e9collet\u00e9 arrondi devant et dos<\/li>\n<li data-section-id=\"l790fa\" data-start=\"384\" data-end=\"442\">Id\u00e9al sous les hauts transparents, crochet ou dentelle<\/li>\n<\/ul>\n<p><b data-olk-copy-source=\"MessageBody\">Taille :<\/b><\/p>\n<p><span data-olk-copy-source=\"MessageBody\">S\/M:36\/38 et M\/L:38\/40<\/span><\/p>\n<p>Choisissez votre taille habituelle<\/p>\n<p>Justine porte la taille S\/M pour son 36<\/p>\n<p><b>Composition :<\/b><\/p>\n<p>75% polyamide<\/p>\n<p>25% \u00e9lasthanne<\/p>\n<p><b>Entretien :<\/b><\/p>\n<p>Lavage en machine \u00e0 30\u00b0<\/p>\n<p>\ud83d\ude9a<b>Livraison rapide et flexible<\/b><\/p>\n<p>Nous mettons tout en \u0153uvre pour vous livrer rapidement et en toute simplicit\u00e9.<\/p>\n<p>Profitez de la livraison offerte en point relais d\u00e8s 80\u20ac d\u2019achat<\/p>\n<p>\ud83d\udd04<b>Retours simplifi\u00e9s \u2013 100% s\u00e9r\u00e9nit\u00e9<\/b><\/p>\n<p>Vous avez\u00a0chang\u00e9 d\u2019avis ? Pas de souci !<\/p>\n<p>Vous disposez de 21 jours apr\u00e8s r\u00e9ception pour retourner un article contre remboursement<\/p>\n","protected":false},"featured_media":96342,"template":"","meta":{"_et_pb_use_builder":"","_et_pb_old_content":"","_et_gb_content_width":"","_exactmetrics_skip_tracking":false,"_exactmetrics_sitenote_active":false,"_exactmetrics_sitenote_note":"","_exactmetrics_sitenote_category":0},"product_brand":[],"product_cat":[176,169,20,23,120],"product_tag":[],"class_list":{"0":"post-96246","1":"product","2":"type-product","3":"status-publish","4":"has-post-thumbnail","6":"product_cat-nos-hauts","7":"product_cat-nouveautes","8":"product_cat-pret-a-porter","9":"product_cat-tops-blouses","10":"product_cat-voir-tout","11":"pif-has-gallery","13":"first","14":"instock","15":"featured","16":"taxable","17":"shipping-taxable","18":"purchasable","19":"product-type-variable"},"_links":{"self":[{"href":"https:\/\/www.justineboutique.fr\/wp\/wp-json\/wp\/v2\/product\/96246","targetHints":{"allow":["GET"]}}],"collection":[{"href":"https:\/\/www.justineboutique.fr\/wp\/wp-json\/wp\/v2\/product"}],"about":[{"href":"https:\/\/www.justineboutique.fr\/wp\/wp-json\/wp\/v2\/types\/product"}],"wp:featuredmedia":[{"embeddable":true,"href":"https:\/\/www.justineboutique.fr\/wp\/wp-json\/wp\/v2\/media\/96342"}],"wp:attachment":[{"href":"https:\/\/www.justineboutique.fr\/wp\/wp-json\/wp\/v2\/media?parent=96246"}],"wp:term":[{"taxonomy":"product_brand","embeddable":true,"href":"https:\/\/www.justineboutique.fr\/wp\/wp-json\/wp\/v2\/product_brand?post=96246"},{"taxonomy":"product_cat","embeddable":true,"href":"https:\/\/www.justineboutique.fr\/wp\/wp-json\/wp\/v2\/product_cat?post=96246"},{"taxonomy":"product_tag","embeddable":true,"href":"https:\/\/www.justineboutique.fr\/wp\/wp-json\/wp\/v2\/product_tag?post=96246"}],"curies":[{"name":"wp","href":"https:\/\/api.w.org\/{rel}","templated":true}]}}