
{"id":96257,"date":"2026-05-12T19:00:18","date_gmt":"2026-05-12T17:00:18","guid":{"rendered":"https:\/\/www.justineboutique.fr\/wp\/?post_type=product&#038;p=96257"},"modified":"2026-05-12T22:40:18","modified_gmt":"2026-05-12T20:40:18","slug":"mila-robe-imprimee","status":"publish","type":"product","link":"https:\/\/www.justineboutique.fr\/wp\/produit\/mila-robe-imprimee\/","title":{"rendered":"Mila robe imprim\u00e9e"},"content":{"rendered":"","protected":false},"excerpt":{"rendered":"<p>&nbsp;<\/p>\n<p data-start=\"0\" data-end=\"180\">Notre robe Mila est une v\u00e9ritable p\u00e9pite boh\u00e8me avec son imprim\u00e9 fleuri ultra color\u00e9 \ud83c\udf38<\/p>\n<p data-start=\"0\" data-end=\"180\">\u2728 Une robe pleine de charme qui fait son effet d\u00e8s qu\u2019on la porte !<\/p>\n<ul data-start=\"182\" data-end=\"535\">\n<li data-section-id=\"dr3gdf\" data-start=\"207\" data-end=\"253\">Fond blanc avec imprim\u00e9 fleuri multicolore<\/li>\n<li data-section-id=\"aggyt5\" data-start=\"328\" data-end=\"365\">Fermeture boutonn\u00e9e sur le devant<\/li>\n<li data-section-id=\"19rlyl\" data-start=\"366\" data-end=\"389\">Manches 3\/4 \u00e9vas\u00e9es<\/li>\n<li data-section-id=\"kzky5z\" data-start=\"390\" data-end=\"435\">Volants sur le bas de robe et les manches<\/li>\n<li data-section-id=\"cxkc93\" data-start=\"436\" data-end=\"460\">Ceinture amovible<\/li>\n<\/ul>\n<p><b data-olk-copy-source=\"MessageBody\">Taille :<\/b><\/p>\n<p><span data-olk-copy-source=\"MessageBody\">S\/M:36\/38 et M\/L:38\/40<\/span><\/p>\n<p>Choisissez votre taille habituelle<\/p>\n<p>Justine porte la taille S\/M pour son 36 et mesure 1m73<\/p>\n<p><b>Composition :<\/b><\/p>\n<p>100% polyester<\/p>\n<p><b>Entretien :<\/b><\/p>\n<p>Lavage \u00e0 la main conseill\u00e9<\/p>\n<p>\ud83d\ude9a<b>Livraison rapide et flexible<\/b><\/p>\n<p>Nous mettons tout en \u0153uvre pour vous livrer rapidement et en toute simplicit\u00e9.<\/p>\n<p>Profitez de la livraison offerte en point relais d\u00e8s 80\u20ac d\u2019achat<\/p>\n<p>\ud83d\udd04<b>Retours simplifi\u00e9s \u2013 100% s\u00e9r\u00e9nit\u00e9<\/b><\/p>\n<p>Vous avez\u00a0chang\u00e9 d\u2019avis ? Pas de souci !<\/p>\n<p>Vous disposez de 21 jours apr\u00e8s r\u00e9ception pour retourner un article contre remboursement<\/p>\n","protected":false},"featured_media":96284,"template":"","meta":{"_et_pb_use_builder":"","_et_pb_old_content":"","_et_gb_content_width":"","_exactmetrics_skip_tracking":false,"_exactmetrics_sitenote_active":false,"_exactmetrics_sitenote_note":"","_exactmetrics_sitenote_category":0},"product_brand":[],"product_cat":[169,20,25,120],"product_tag":[],"class_list":{"0":"post-96257","1":"product","2":"type-product","3":"status-publish","4":"has-post-thumbnail","6":"product_cat-nouveautes","7":"product_cat-pret-a-porter","8":"product_cat-robes-jupes","9":"product_cat-voir-tout","10":"pif-has-gallery","12":"first","13":"instock","14":"featured","15":"taxable","16":"shipping-taxable","17":"purchasable","18":"product-type-variable"},"_links":{"self":[{"href":"https:\/\/www.justineboutique.fr\/wp\/wp-json\/wp\/v2\/product\/96257","targetHints":{"allow":["GET"]}}],"collection":[{"href":"https:\/\/www.justineboutique.fr\/wp\/wp-json\/wp\/v2\/product"}],"about":[{"href":"https:\/\/www.justineboutique.fr\/wp\/wp-json\/wp\/v2\/types\/product"}],"wp:featuredmedia":[{"embeddable":true,"href":"https:\/\/www.justineboutique.fr\/wp\/wp-json\/wp\/v2\/media\/96284"}],"wp:attachment":[{"href":"https:\/\/www.justineboutique.fr\/wp\/wp-json\/wp\/v2\/media?parent=96257"}],"wp:term":[{"taxonomy":"product_brand","embeddable":true,"href":"https:\/\/www.justineboutique.fr\/wp\/wp-json\/wp\/v2\/product_brand?post=96257"},{"taxonomy":"product_cat","embeddable":true,"href":"https:\/\/www.justineboutique.fr\/wp\/wp-json\/wp\/v2\/product_cat?post=96257"},{"taxonomy":"product_tag","embeddable":true,"href":"https:\/\/www.justineboutique.fr\/wp\/wp-json\/wp\/v2\/product_tag?post=96257"}],"curies":[{"name":"wp","href":"https:\/\/api.w.org\/{rel}","templated":true}]}}